{"id":137918,"date":"2022-10-10T15:26:33","date_gmt":"2024-11-20T10:25:00","guid":{"rendered":"https:\/\/kingarms.ee\/product\/camo-begantys-marskineliai-l-emersolear\/"},"modified":"2024-11-20T13:25:00","modified_gmt":"2024-11-20T10:25:00","slug":"camo-zaidimo-marskineliai-l-emersonsongear-2","status":"publish","type":"product","link":"https:\/\/kingarms.ee\/lt\/product\/camo-zaidimo-marskineliai-l-emersonsongear-2\/","title":{"rendered":"\u201eCAMO\u201c B\u0117GANTYS Mar\u0161kin\u0117liai L EMERSOLEAR"},"content":{"rendered":"","protected":false},"excerpt":{"rendered":"<p>\u201eCamo\u201c b\u0117gantys mar\u0161kin\u0117liai l EMERSOLEAR<\/p>\n<p>\u201eEmerson Gear\u201c<br \/>\nOdos grie\u017etas bazinis sluoksnis \u201eCamo\u201c b\u0117gimo mar\u0161kin\u0117liai<br \/>\nTaktiniai kv\u0117puojantys mar\u0161kin\u0117liai<br \/>\n85% poliesterio 15% spandekso<br \/>\nMulticam spalva<\/p>\n","protected":false},"featured_media":123983,"template":"","meta":{"_acf_changed":false},"product_brand":[],"product_cat":[1225,1230],"product_tag":[],"class_list":{"0":"post-137918","1":"product","2":"type-product","3":"status-publish","4":"has-post-thumbnail","6":"product_cat-drabuziai-ir-avalyne","7":"product_cat-palaidines-marskiniai","9":"first","10":"instock","11":"sale","12":"purchasable","13":"product-type-simple"},"acf":[],"_links":{"self":[{"href":"https:\/\/kingarms.ee\/lt\/wp-json\/wp\/v2\/product\/137918","targetHints":{"allow":["GET"]}}],"collection":[{"href":"https:\/\/kingarms.ee\/lt\/wp-json\/wp\/v2\/product"}],"about":[{"href":"https:\/\/kingarms.ee\/lt\/wp-json\/wp\/v2\/types\/product"}],"wp:featuredmedia":[{"embeddable":true,"href":"https:\/\/kingarms.ee\/lt\/wp-json\/wp\/v2\/media\/123983"}],"wp:attachment":[{"href":"https:\/\/kingarms.ee\/lt\/wp-json\/wp\/v2\/media?parent=137918"}],"wp:term":[{"taxonomy":"product_brand","embeddable":true,"href":"https:\/\/kingarms.ee\/lt\/wp-json\/wp\/v2\/product_brand?post=137918"},{"taxonomy":"product_cat","embeddable":true,"href":"https:\/\/kingarms.ee\/lt\/wp-json\/wp\/v2\/product_cat?post=137918"},{"taxonomy":"product_tag","embeddable":true,"href":"https:\/\/kingarms.ee\/lt\/wp-json\/wp\/v2\/product_tag?post=137918"}],"curies":[{"name":"wp","href":"https:\/\/api.w.org\/{rel}","templated":true}]}}