{"id":137933,"date":"2022-10-10T15:26:33","date_gmt":"2024-11-20T10:42:00","guid":{"rendered":"https:\/\/kingarms.ee\/product\/32-mm-objektyvo-mastelio-keitimas-4x-tan-js-taktical\/"},"modified":"2024-11-20T13:42:00","modified_gmt":"2024-11-20T10:42:00","slug":"scope-32mm-lens-zoom-4x-tan-js-taktical","status":"publish","type":"product","link":"https:\/\/kingarms.ee\/lt\/product\/scope-32mm-lens-zoom-4x-tan-js-taktical\/","title":{"rendered":"32 mm objektyvo mastelio keitimas 4x tan js-taktical"},"content":{"rendered":"","protected":false},"excerpt":{"rendered":"<p>32 mm objektyvo mastelio keitimas 4x tan js-taktical<\/p>\n<p>32 mm objektyvo apimtis<br \/>\nfiksuotas mastelio keitimas 4x<br \/>\n1 colio vamzdis<br \/>\nMil-Dot tinklelis<br \/>\n\u012etrauk\u0117 \u017eiedus \u201eWeaver Rails\u201c<br \/>\nReguliuojamas v\u0117jelis ir auk\u0161tis<br \/>\nilgis 229 mm<br \/>\nSvoris 330 g<br \/>\n\u012fdegio spalva<br \/>\n\u012frodymas r\u016bko ir \u0161oko \u012frodymas<\/p>\n","protected":false},"featured_media":124082,"template":"","meta":{"_acf_changed":false},"product_brand":[],"product_cat":[1205],"product_tag":[],"class_list":{"0":"post-137933","1":"product","2":"type-product","3":"status-publish","4":"has-post-thumbnail","6":"product_cat-vaizdai-lt","8":"first","9":"onbackorder","10":"product-type-simple"},"acf":[],"_links":{"self":[{"href":"https:\/\/kingarms.ee\/lt\/wp-json\/wp\/v2\/product\/137933","targetHints":{"allow":["GET"]}}],"collection":[{"href":"https:\/\/kingarms.ee\/lt\/wp-json\/wp\/v2\/product"}],"about":[{"href":"https:\/\/kingarms.ee\/lt\/wp-json\/wp\/v2\/types\/product"}],"wp:featuredmedia":[{"embeddable":true,"href":"https:\/\/kingarms.ee\/lt\/wp-json\/wp\/v2\/media\/124082"}],"wp:attachment":[{"href":"https:\/\/kingarms.ee\/lt\/wp-json\/wp\/v2\/media?parent=137933"}],"wp:term":[{"taxonomy":"product_brand","embeddable":true,"href":"https:\/\/kingarms.ee\/lt\/wp-json\/wp\/v2\/product_brand?post=137933"},{"taxonomy":"product_cat","embeddable":true,"href":"https:\/\/kingarms.ee\/lt\/wp-json\/wp\/v2\/product_cat?post=137933"},{"taxonomy":"product_tag","embeddable":true,"href":"https:\/\/kingarms.ee\/lt\/wp-json\/wp\/v2\/product_tag?post=137933"}],"curies":[{"name":"wp","href":"https:\/\/api.w.org\/{rel}","templated":true}]}}