{"id":137949,"date":"2022-10-10T15:26:23","date_gmt":"2024-11-20T11:12:55","guid":{"rendered":"https:\/\/kingarms.ee\/product\/raudonas-tasku-apimtis-js-taktical\/"},"modified":"2024-11-20T14:12:55","modified_gmt":"2024-11-20T11:12:55","slug":"raudonojo-tasko-apimtis-js-taktika","status":"publish","type":"product","link":"https:\/\/kingarms.ee\/lt\/product\/raudonojo-tasko-apimtis-js-taktika\/","title":{"rendered":"Raudonas ta\u0161k\u0173 apimtis js-taktical"},"content":{"rendered":"","protected":false},"excerpt":{"rendered":"<p>Raudonas ta\u0161k\u0173 apimtis js-taktical<\/p>\n<p>Raudonas ta\u0161kas pilnas metalas<br \/>\nRaudonas arba \u017ealias ta\u0161kas su reguliuojamu intensyvumu<br \/>\nReguliuojamas v\u0117jelis ir auk\u0161tis<br \/>\nantirefleks\u0173 l\u0119\u0161i\u0173 skersmuo 34 mm<br \/>\nPrid\u0117ta 22 m b\u0117gi\u0173 kalno<br \/>\nVamzdelio skersmuo 30 mm<br \/>\nLENTGH 184 mm<br \/>\nSvoris 320 g<br \/>\nSm\u016bgio \u012frodymas ir r\u016bko \u012frodymas<\/p>\n","protected":false},"featured_media":124133,"template":"","meta":{"_acf_changed":false},"product_brand":[],"product_cat":[1205],"product_tag":[],"class_list":{"0":"post-137949","1":"product","2":"type-product","3":"status-publish","4":"has-post-thumbnail","6":"product_cat-vaizdai-lt","8":"first","9":"instock","10":"purchasable","11":"product-type-simple"},"acf":[],"_links":{"self":[{"href":"https:\/\/kingarms.ee\/lt\/wp-json\/wp\/v2\/product\/137949","targetHints":{"allow":["GET"]}}],"collection":[{"href":"https:\/\/kingarms.ee\/lt\/wp-json\/wp\/v2\/product"}],"about":[{"href":"https:\/\/kingarms.ee\/lt\/wp-json\/wp\/v2\/types\/product"}],"wp:featuredmedia":[{"embeddable":true,"href":"https:\/\/kingarms.ee\/lt\/wp-json\/wp\/v2\/media\/124133"}],"wp:attachment":[{"href":"https:\/\/kingarms.ee\/lt\/wp-json\/wp\/v2\/media?parent=137949"}],"wp:term":[{"taxonomy":"product_brand","embeddable":true,"href":"https:\/\/kingarms.ee\/lt\/wp-json\/wp\/v2\/product_brand?post=137949"},{"taxonomy":"product_cat","embeddable":true,"href":"https:\/\/kingarms.ee\/lt\/wp-json\/wp\/v2\/product_cat?post=137949"},{"taxonomy":"product_tag","embeddable":true,"href":"https:\/\/kingarms.ee\/lt\/wp-json\/wp\/v2\/product_tag?post=137949"}],"curies":[{"name":"wp","href":"https:\/\/api.w.org\/{rel}","templated":true}]}}