{"id":137953,"date":"2022-10-10T15:26:23","date_gmt":"2024-11-20T11:18:48","guid":{"rendered":"https:\/\/kingarms.ee\/product\/pirsto-skirtukas-desiniajam-rankoms\/"},"modified":"2024-11-20T14:18:48","modified_gmt":"2024-11-20T11:18:48","slug":"pirstu-lenteles-desiniajam-ranka","status":"publish","type":"product","link":"https:\/\/kingarms.ee\/lt\/product\/pirstu-lenteles-desiniajam-ranka\/","title":{"rendered":"Pir\u0161to skirtukas de\u0161iniajam rankoms"},"content":{"rendered":"","protected":false},"excerpt":{"rendered":"<p>Pir\u0161to skirtukas de\u0161iniajam rankoms<\/p>\n<p>Tobula linija<br \/>\npir\u0161to skirtukas<br \/>\n2 mm<br \/>\nTinka de\u0161iniajam rankoms<\/p>\n","protected":false},"featured_media":124178,"template":"","meta":{"_acf_changed":false},"product_brand":[],"product_cat":[1151,1153],"product_tag":[],"class_list":{"0":"post-137953","1":"product","2":"type-product","3":"status-publish","4":"has-post-thumbnail","6":"product_cat-lankai-ir-skersiniai","7":"product_cat-saudymo-pirstines-pirstu-ciaupai","9":"first","10":"instock","11":"purchasable","12":"product-type-simple"},"acf":[],"_links":{"self":[{"href":"https:\/\/kingarms.ee\/lt\/wp-json\/wp\/v2\/product\/137953","targetHints":{"allow":["GET"]}}],"collection":[{"href":"https:\/\/kingarms.ee\/lt\/wp-json\/wp\/v2\/product"}],"about":[{"href":"https:\/\/kingarms.ee\/lt\/wp-json\/wp\/v2\/types\/product"}],"wp:featuredmedia":[{"embeddable":true,"href":"https:\/\/kingarms.ee\/lt\/wp-json\/wp\/v2\/media\/124178"}],"wp:attachment":[{"href":"https:\/\/kingarms.ee\/lt\/wp-json\/wp\/v2\/media?parent=137953"}],"wp:term":[{"taxonomy":"product_brand","embeddable":true,"href":"https:\/\/kingarms.ee\/lt\/wp-json\/wp\/v2\/product_brand?post=137953"},{"taxonomy":"product_cat","embeddable":true,"href":"https:\/\/kingarms.ee\/lt\/wp-json\/wp\/v2\/product_cat?post=137953"},{"taxonomy":"product_tag","embeddable":true,"href":"https:\/\/kingarms.ee\/lt\/wp-json\/wp\/v2\/product_tag?post=137953"}],"curies":[{"name":"wp","href":"https:\/\/api.w.org\/{rel}","templated":true}]}}