{"id":137979,"date":"2022-10-10T15:26:07","date_gmt":"2024-11-20T12:05:53","guid":{"rendered":"https:\/\/kingarms.ee\/product\/dekorayvine-katana\/"},"modified":"2024-11-20T15:05:53","modified_gmt":"2024-11-20T12:05:53","slug":"dekoratyvine-katana-21-2","status":"publish","type":"product","link":"https:\/\/kingarms.ee\/lt\/product\/dekoratyvine-katana-21-2\/","title":{"rendered":"DeKORAYVIN\u0117 KATANA"},"content":{"rendered":"","protected":false},"excerpt":{"rendered":"<p>\u012ekv\u0117ptas Shinobu Kochou kard\u0173<br \/>\nI\u0161 anime serijos demon\u0173 Slayer &#8211; kimetsu no yaiba<br \/>\nBambuko a\u0161menys<br \/>\nplastikinis tsuba ir tsuka<br \/>\nMedinis dangtis<br \/>\nBendras ilgis 970 mm (1035 su dang\u010diu)<br \/>\nA\u0161men\u0173 ilgis 675 mm<br \/>\n\u201eTsuka\u201c ilgis 280 mm<br \/>\nSvoris 550 g su dangteliu<br \/>\nBaltasis \u0161a\u0161lykas<\/p>\n","protected":false},"featured_media":124273,"template":"","meta":{"_acf_changed":false},"product_brand":[],"product_cat":[1271],"product_tag":[],"class_list":{"0":"post-137979","1":"product","2":"type-product","3":"status-publish","4":"has-post-thumbnail","6":"product_cat-katana-tanto-lt","8":"first","9":"instock","10":"purchasable","11":"product-type-simple"},"acf":[],"_links":{"self":[{"href":"https:\/\/kingarms.ee\/lt\/wp-json\/wp\/v2\/product\/137979","targetHints":{"allow":["GET"]}}],"collection":[{"href":"https:\/\/kingarms.ee\/lt\/wp-json\/wp\/v2\/product"}],"about":[{"href":"https:\/\/kingarms.ee\/lt\/wp-json\/wp\/v2\/types\/product"}],"wp:featuredmedia":[{"embeddable":true,"href":"https:\/\/kingarms.ee\/lt\/wp-json\/wp\/v2\/media\/124273"}],"wp:attachment":[{"href":"https:\/\/kingarms.ee\/lt\/wp-json\/wp\/v2\/media?parent=137979"}],"wp:term":[{"taxonomy":"product_brand","embeddable":true,"href":"https:\/\/kingarms.ee\/lt\/wp-json\/wp\/v2\/product_brand?post=137979"},{"taxonomy":"product_cat","embeddable":true,"href":"https:\/\/kingarms.ee\/lt\/wp-json\/wp\/v2\/product_cat?post=137979"},{"taxonomy":"product_tag","embeddable":true,"href":"https:\/\/kingarms.ee\/lt\/wp-json\/wp\/v2\/product_tag?post=137979"}],"curies":[{"name":"wp","href":"https:\/\/api.w.org\/{rel}","templated":true}]}}