{"id":137989,"date":"2022-10-05T17:07:11","date_gmt":"2024-11-20T12:27:04","guid":{"rendered":"https:\/\/kingarms.ee\/product\/balistinis-salmas-greitas-nij-3a-lygis\/"},"modified":"2024-11-20T15:27:04","modified_gmt":"2024-11-20T12:27:04","slug":"balistinis-kiver-fast-nij-lygis-3a-2","status":"publish","type":"product","link":"https:\/\/kingarms.ee\/lt\/product\/balistinis-kiver-fast-nij-lygis-3a-2\/","title":{"rendered":"Balistinis \u0161almas &#8211; greitas NIJ 3A lygis"},"content":{"rendered":"<p><img loading=\"lazy\" decoding=\"async\" class=\"alignnone size-medium wp-image-67578\" src=\"https:\/\/kingarms.ee\/wp-content\/uploads\/2022\/10\/Kelvar_Bulletproof_Helmet_GREEN_grande-300x300.jpeg\" alt=\"\" width=\"300\" height=\"300\" srcset=\"https:\/\/kingarms.ee\/wp-content\/uploads\/2022\/10\/Kelvar_Bulletproof_Helmet_GREEN_grande-300x300.jpeg 300w, https:\/\/kingarms.ee\/wp-content\/uploads\/2022\/10\/Kelvar_Bulletproof_Helmet_GREEN_grande-150x150.jpeg 150w, https:\/\/kingarms.ee\/wp-content\/uploads\/2022\/10\/Kelvar_Bulletproof_Helmet_GREEN_grande-500x500.jpeg 500w, https:\/\/kingarms.ee\/wp-content\/uploads\/2022\/10\/Kelvar_Bulletproof_Helmet_GREEN_grande.jpeg 600w\" sizes=\"auto, (max-width: 300px) 100vw, 300px\" \/><\/p>\n","protected":false},"excerpt":{"rendered":"<div>Balistinis \u0161almas &#8211; greitas NIJ 3A lygis<\/div>\n<div class=\"cxmmr5t8 oygrvhab hcukyx3x c1et5uql o9v6fnle\">Rutulys -nepraleid\u017eiantis balistinis \u0161almas (9 mm ir .44 magnum).<\/div>\n<div class=\"cxmmr5t8 oygrvhab hcukyx3x c1et5uql o9v6fnle\">Med\u017eiaga: Kevlar<\/div>\n<div class=\"cxmmr5t8 oygrvhab hcukyx3x c1et5uql o9v6fnle\">BOA reguliatorius<\/div>\n<div class=\"cxmmr5t8 oygrvhab hcukyx3x c1et5uql o9v6fnle\">\u0160almo stilius: greitas<\/div>\n<div class=\"cxmmr5t8 oygrvhab hcukyx3x c1et5uql o9v6fnle\">Svoris: 1,55 kg<\/div>\n<div class=\"cxmmr5t8 oygrvhab hcukyx3x c1et5uql o9v6fnle\">\u0160on\u0173 ir priekio standartai, skirti pritvirtinti priedus (lemput\u0117, naktinis steb\u0117jimas ir kt.).<\/div>\n","protected":false},"featured_media":125489,"template":"","meta":{"_acf_changed":false},"product_brand":[],"product_cat":[1223,1239,1216],"product_tag":[],"class_list":{"0":"post-137989","1":"product","2":"type-product","3":"status-publish","4":"has-post-thumbnail","6":"product_cat-ballistic-lt","7":"product_cat-iranga-lt","8":"product_cat-salmai","10":"first","11":"instock","12":"taxable","13":"shipping-taxable","14":"purchasable","15":"product-type-variable"},"acf":[],"_links":{"self":[{"href":"https:\/\/kingarms.ee\/lt\/wp-json\/wp\/v2\/product\/137989","targetHints":{"allow":["GET"]}}],"collection":[{"href":"https:\/\/kingarms.ee\/lt\/wp-json\/wp\/v2\/product"}],"about":[{"href":"https:\/\/kingarms.ee\/lt\/wp-json\/wp\/v2\/types\/product"}],"wp:featuredmedia":[{"embeddable":true,"href":"https:\/\/kingarms.ee\/lt\/wp-json\/wp\/v2\/media\/125489"}],"wp:attachment":[{"href":"https:\/\/kingarms.ee\/lt\/wp-json\/wp\/v2\/media?parent=137989"}],"wp:term":[{"taxonomy":"product_brand","embeddable":true,"href":"https:\/\/kingarms.ee\/lt\/wp-json\/wp\/v2\/product_brand?post=137989"},{"taxonomy":"product_cat","embeddable":true,"href":"https:\/\/kingarms.ee\/lt\/wp-json\/wp\/v2\/product_cat?post=137989"},{"taxonomy":"product_tag","embeddable":true,"href":"https:\/\/kingarms.ee\/lt\/wp-json\/wp\/v2\/product_tag?post=137989"}],"curies":[{"name":"wp","href":"https:\/\/api.w.org\/{rel}","templated":true}]}}