{"id":138002,"date":"2022-10-05T16:52:32","date_gmt":"2024-11-20T12:35:52","guid":{"rendered":"https:\/\/kingarms.ee\/product\/keramines-plyteles-sta-nij-4-lygis\/"},"modified":"2024-11-20T15:35:52","modified_gmt":"2024-11-20T12:35:52","slug":"keramines-ploksteles-stay-lle-4","status":"publish","type":"product","link":"https:\/\/kingarms.ee\/lt\/product\/keramines-ploksteles-stay-lle-4\/","title":{"rendered":"Keramin\u0117s plytel\u0117s &#8211; Sta Nij 4+ lygis"},"content":{"rendered":"<p><img loading=\"lazy\" decoding=\"async\" class=\"alignnone size-medium wp-image-62673\" src=\"https:\/\/kingarms.ee\/wp-content\/uploads\/2022\/10\/3840258454_w640_h640_broneplita-strike-face-1-300x300.jpeg\" alt=\"\" width=\"300\" height=\"300\" srcset=\"https:\/\/kingarms.ee\/wp-content\/uploads\/2022\/10\/3840258454_w640_h640_broneplita-strike-face-1-300x300.jpeg 300w, https:\/\/kingarms.ee\/wp-content\/uploads\/2022\/10\/3840258454_w640_h640_broneplita-strike-face-1-150x150.jpeg 150w, https:\/\/kingarms.ee\/wp-content\/uploads\/2022\/10\/3840258454_w640_h640_broneplita-strike-face-1-500x500.jpeg 500w, https:\/\/kingarms.ee\/wp-content\/uploads\/2022\/10\/3840258454_w640_h640_broneplita-strike-face-1.jpeg 700w\" sizes=\"auto, (max-width: 300px) 100vw, 300px\" \/><\/p>\n","protected":false},"excerpt":{"rendered":"<div>Keramin\u0117s plytel\u0117s &#8211; Sta Nij 4+ lygis<\/div>\n<div><\/div>\n<div class=\"cxmmr5t8 oygrvhab hcukyx3x c1et5uql o9v6fnle\">Balistin\u0117\/kulka &#8211; atspari ICW NIJ 4 lygio plok\u0161tel\u0117 &#8211; keramika;<\/div>\n<div class=\"cxmmr5t8 oygrvhab hcukyx3x c1et5uql o9v6fnle\">\n<p>ICW lentos tur\u0117t\u0173 b\u016bti ne\u0161iojamos tik su liemene, kurioje jau yra mink\u0161ta 3A mink\u0161tos plok\u0161t\u0117s (pvz., Kevlar) plok\u0161t\u0117.<\/p>\n<p>Plok\u0161t\u0117s matmenys: 250&#215;300 mm;<br \/>\nPlok\u0161t\u0117s storis: 16 mm;<br \/>\nSvoris: 2,2 kg<\/p>\n<p>Apsauga:<\/p>\n<p>.22LR\/380\/9 mm<br \/>\n.40\/.45ACP\/.357mag<br \/>\n357Sig\/.44mag<br \/>\n7,62 \u00d7 39\/7,62 \u00d7 51\/5,56<\/p>\n<\/div>\n<div class=\"cxmmr5t8 oygrvhab hcukyx3x c1et5uql o9v6fnle\">Produkto prek\u0117s \u017eenklas: \u201eArmory Estia\u201c<\/div>\n","protected":false},"featured_media":123888,"template":"","meta":{"_acf_changed":false},"product_brand":[],"product_cat":[1239],"product_tag":[],"class_list":{"0":"post-138002","1":"product","2":"type-product","3":"status-publish","4":"has-post-thumbnail","6":"product_cat-iranga-lt","8":"first","9":"onbackorder","10":"taxable","11":"shipping-taxable","12":"product-type-simple"},"acf":[],"_links":{"self":[{"href":"https:\/\/kingarms.ee\/lt\/wp-json\/wp\/v2\/product\/138002","targetHints":{"allow":["GET"]}}],"collection":[{"href":"https:\/\/kingarms.ee\/lt\/wp-json\/wp\/v2\/product"}],"about":[{"href":"https:\/\/kingarms.ee\/lt\/wp-json\/wp\/v2\/types\/product"}],"wp:featuredmedia":[{"embeddable":true,"href":"https:\/\/kingarms.ee\/lt\/wp-json\/wp\/v2\/media\/123888"}],"wp:attachment":[{"href":"https:\/\/kingarms.ee\/lt\/wp-json\/wp\/v2\/media?parent=138002"}],"wp:term":[{"taxonomy":"product_brand","embeddable":true,"href":"https:\/\/kingarms.ee\/lt\/wp-json\/wp\/v2\/product_brand?post=138002"},{"taxonomy":"product_cat","embeddable":true,"href":"https:\/\/kingarms.ee\/lt\/wp-json\/wp\/v2\/product_cat?post=138002"},{"taxonomy":"product_tag","embeddable":true,"href":"https:\/\/kingarms.ee\/lt\/wp-json\/wp\/v2\/product_tag?post=138002"}],"curies":[{"name":"wp","href":"https:\/\/api.w.org\/{rel}","templated":true}]}}