{"id":138008,"date":"2022-10-03T16:15:30","date_gmt":"2024-11-20T12:46:47","guid":{"rendered":"https:\/\/kingarms.ee\/product\/bushsharp-peilio-galandiklis-raudonas-tinderis-krastas\/"},"modified":"2024-11-20T15:46:47","modified_gmt":"2024-11-20T12:46:47","slug":"bushsharp-peilife-slapio-raudonos-spalvos-tinklelio-krastas","status":"publish","type":"product","link":"https:\/\/kingarms.ee\/lt\/product\/bushsharp-peilife-slapio-raudonos-spalvos-tinklelio-krastas\/","title":{"rendered":"\u201eBushsharp\u201c peilio galandiklis raudonas + Tinderis kra\u0161tas"},"content":{"rendered":"","protected":false},"excerpt":{"rendered":"<p>\u201eBushsharp\u201c peilio galandiklis raudonas + \u201eTinder\u201c kra\u0161tas \u201eEdge Bushsharp\u201c yra daugiafunkcinis turistinis gal\u0105stuvas, kuris, naudodamas savo patog\u0173 dyd\u012f, bus tobulas kaip papildymas kiekvieno lauko ir i\u0161gyvenimo entuziasto EDC rinkiniui. \u0160ablonas lengvai telpa bet kurioje ki\u0161en\u0117je, turi lengv\u0105 polimero konstrukcij\u0105 ir skyl\u0119 virvei ar rakto \u017eiedui. \u201eEdge Bushsharp\u201c galandiklis i\u0161siskiria jo universalumu. Su vienu ki\u0161eniniu galandikliu mes galime gallasti peilius su lygiu ir dantytu peiliuku, \u017eirkl\u0117mis, \u017evejybos kabliais ir med\u017eiokl\u0117s peiliais su odos kabliu. Nepaisant ma\u017eo dyd\u017eio, galandiklis turi 3 galandimo zonas.<\/p>\n","protected":false},"featured_media":123606,"template":"","meta":{"_acf_changed":false},"product_brand":[],"product_cat":[1258],"product_tag":[],"class_list":{"0":"post-138008","1":"product","2":"type-product","3":"status-publish","4":"has-post-thumbnail","6":"product_cat-peiliai-genejimo-pjuklas","8":"first","9":"instock","10":"purchasable","11":"product-type-simple"},"acf":[],"_links":{"self":[{"href":"https:\/\/kingarms.ee\/lt\/wp-json\/wp\/v2\/product\/138008","targetHints":{"allow":["GET"]}}],"collection":[{"href":"https:\/\/kingarms.ee\/lt\/wp-json\/wp\/v2\/product"}],"about":[{"href":"https:\/\/kingarms.ee\/lt\/wp-json\/wp\/v2\/types\/product"}],"wp:featuredmedia":[{"embeddable":true,"href":"https:\/\/kingarms.ee\/lt\/wp-json\/wp\/v2\/media\/123606"}],"wp:attachment":[{"href":"https:\/\/kingarms.ee\/lt\/wp-json\/wp\/v2\/media?parent=138008"}],"wp:term":[{"taxonomy":"product_brand","embeddable":true,"href":"https:\/\/kingarms.ee\/lt\/wp-json\/wp\/v2\/product_brand?post=138008"},{"taxonomy":"product_cat","embeddable":true,"href":"https:\/\/kingarms.ee\/lt\/wp-json\/wp\/v2\/product_cat?post=138008"},{"taxonomy":"product_tag","embeddable":true,"href":"https:\/\/kingarms.ee\/lt\/wp-json\/wp\/v2\/product_tag?post=138008"}],"curies":[{"name":"wp","href":"https:\/\/api.w.org\/{rel}","templated":true}]}}