{"id":138016,"date":"2022-10-03T16:15:20","date_gmt":"2024-11-20T12:56:26","guid":{"rendered":"https:\/\/kingarms.ee\/product\/cr123-licio-3v\/"},"modified":"2024-11-20T15:56:26","modified_gmt":"2024-11-20T12:56:26","slug":"cr123-litis-3v","status":"publish","type":"product","link":"https:\/\/kingarms.ee\/lt\/product\/cr123-litis-3v\/","title":{"rendered":"CR123 li\u010dio 3v"},"content":{"rendered":"","protected":false},"excerpt":{"rendered":"<p>Auk\u0161tos kokyb\u0117s li\u010dio baterija, 3,0 volto ir 1400 mAh<br \/>\nOptimizuotas dideliems poreikiams \u017eibintuv\u0117liuose ir elektroniniuose prietaisuose<\/p>\n","protected":false},"featured_media":123760,"template":"","meta":{"_acf_changed":false},"product_brand":[],"product_cat":[1194],"product_tag":[],"class_list":{"0":"post-138016","1":"product","2":"type-product","3":"status-publish","4":"has-post-thumbnail","6":"product_cat-baterijos","8":"first","9":"instock","10":"purchasable","11":"product-type-simple"},"acf":[],"_links":{"self":[{"href":"https:\/\/kingarms.ee\/lt\/wp-json\/wp\/v2\/product\/138016","targetHints":{"allow":["GET"]}}],"collection":[{"href":"https:\/\/kingarms.ee\/lt\/wp-json\/wp\/v2\/product"}],"about":[{"href":"https:\/\/kingarms.ee\/lt\/wp-json\/wp\/v2\/types\/product"}],"wp:featuredmedia":[{"embeddable":true,"href":"https:\/\/kingarms.ee\/lt\/wp-json\/wp\/v2\/media\/123760"}],"wp:attachment":[{"href":"https:\/\/kingarms.ee\/lt\/wp-json\/wp\/v2\/media?parent=138016"}],"wp:term":[{"taxonomy":"product_brand","embeddable":true,"href":"https:\/\/kingarms.ee\/lt\/wp-json\/wp\/v2\/product_brand?post=138016"},{"taxonomy":"product_cat","embeddable":true,"href":"https:\/\/kingarms.ee\/lt\/wp-json\/wp\/v2\/product_cat?post=138016"},{"taxonomy":"product_tag","embeddable":true,"href":"https:\/\/kingarms.ee\/lt\/wp-json\/wp\/v2\/product_tag?post=138016"}],"curies":[{"name":"wp","href":"https:\/\/api.w.org\/{rel}","templated":true}]}}