{"id":138026,"date":"2022-10-03T16:15:20","date_gmt":"2024-11-20T13:09:40","guid":{"rendered":"https:\/\/kingarms.ee\/product\/fireball-flint-ugnies-strateris-su-kompasu\/"},"modified":"2024-11-20T16:09:40","modified_gmt":"2024-11-20T13:09:40","slug":"fireball-flint-fire-strater-with-compass","status":"publish","type":"product","link":"https:\/\/kingarms.ee\/lt\/product\/fireball-flint-fire-strater-with-compass\/","title":{"rendered":"\u201eFireball Flint\u201c ugnies strateris su kompasu"},"content":{"rendered":"","protected":false},"excerpt":{"rendered":"<p><input id=\"title\" spellcheck=\"true\" autocomplete=\"off\" name=\"post_title\" size=\"30\" type=\"text\" value=\"\u201eFireball Flint\u201c ugnies strateris su kompasu\"><\/p>\n<p>Originalus \u201eFire Starter Grand Fireball Flint &amp; Striker\u201c, kur\u012f pagamino \u201eBCB Company\u201c. Naujas dizainas yra patogesnis ir saugesnis. Ranken\u0117l\u0117je yra nedidelis skys\u010dio u\u017epildyto mygtuko kompasas. Flintas ir puol\u0117jas slenka ir u\u017erakina, tod\u0117l pa\u0161alinkite erzinan\u010dios stygos poreik\u012f. Specifikacija:<br \/>\n&#8211; Ilgis: 11 cm<br \/>\n&#8211; Svoris: 47G<\/p>\n","protected":false},"featured_media":123880,"template":"","meta":{"_acf_changed":false},"product_brand":[],"product_cat":[1263],"product_tag":[],"class_list":{"0":"post-138026","1":"product","2":"type-product","3":"status-publish","4":"has-post-thumbnail","6":"product_cat-kelioniu-prekes","8":"first","9":"instock","10":"purchasable","11":"product-type-simple"},"acf":[],"_links":{"self":[{"href":"https:\/\/kingarms.ee\/lt\/wp-json\/wp\/v2\/product\/138026","targetHints":{"allow":["GET"]}}],"collection":[{"href":"https:\/\/kingarms.ee\/lt\/wp-json\/wp\/v2\/product"}],"about":[{"href":"https:\/\/kingarms.ee\/lt\/wp-json\/wp\/v2\/types\/product"}],"wp:featuredmedia":[{"embeddable":true,"href":"https:\/\/kingarms.ee\/lt\/wp-json\/wp\/v2\/media\/123880"}],"wp:attachment":[{"href":"https:\/\/kingarms.ee\/lt\/wp-json\/wp\/v2\/media?parent=138026"}],"wp:term":[{"taxonomy":"product_brand","embeddable":true,"href":"https:\/\/kingarms.ee\/lt\/wp-json\/wp\/v2\/product_brand?post=138026"},{"taxonomy":"product_cat","embeddable":true,"href":"https:\/\/kingarms.ee\/lt\/wp-json\/wp\/v2\/product_cat?post=138026"},{"taxonomy":"product_tag","embeddable":true,"href":"https:\/\/kingarms.ee\/lt\/wp-json\/wp\/v2\/product_tag?post=138026"}],"curies":[{"name":"wp","href":"https:\/\/api.w.org\/{rel}","templated":true}]}}