{"id":138034,"date":"2022-10-03T16:15:20","date_gmt":"2024-11-20T13:18:03","guid":{"rendered":"https:\/\/kingarms.ee\/product\/genejimo-pjuklas-super-accel-210-75-silkinis\/"},"modified":"2024-11-20T16:18:03","modified_gmt":"2024-11-20T13:18:03","slug":"genejimo-su-super-accel-210-7-5-silky","status":"publish","type":"product","link":"https:\/\/kingarms.ee\/lt\/product\/genejimo-su-super-accel-210-7-5-silky\/","title":{"rendered":"Gen\u0117jimo pj\u016bklas \u201eSuper Accel\u201c 210\u20137,5 \u0161ilkinis"},"content":{"rendered":"","protected":false},"excerpt":{"rendered":"<p>Sukimo pj\u016bklas \u201eSuper Accel\u201c 210\u20137,5 \u0161ilkinis \u201eSuper Accel\u201c yra lengvas (195 g), ta\u010diau stiprus traukos pj\u016bklas, kuris yra daugelio sodinink\u0173 m\u0117gstamiausias. \u0160is universalus sulankstomas pj\u016bklas yra naudingas norint laikyti rank\u0105 ir lengvai laikyti savo \u012franki\u0173 rinkinyje.<br \/>\nNet ir sunkiose situacijose \u201eSuper Accel\u201c lengva susitvarkyti. Pavyzd\u017eiui, gen\u0117jimas tankiai u\u017eaugintose erdv\u0117se arba vir\u0161 galvos, kai vir\u0161 galvos yra kop\u0117\u010dios. Puikus kampas tarp rankenos ir peiliuko leid\u017eia pjaustyti ma\u017edaug 10 laipsni\u0173 kampu. Tam reikia ma\u017eiau j\u0117gos ir sukelia ma\u017eiau virpesi\u0173, tod\u0117l galite supjaustyti labai skland\u017eiai ir greitai. \u201eSuper Accel\u201c skland\u017eiai ir greitai supjausto, tarsi kar\u0161tas peilis per sviest\u0105! Be to, malonu dirbti.<\/p>\n","protected":false},"featured_media":123658,"template":"","meta":{"_acf_changed":false},"product_brand":[],"product_cat":[1260],"product_tag":[],"class_list":{"0":"post-138034","1":"product","2":"type-product","3":"status-publish","4":"has-post-thumbnail","6":"product_cat-pamate","8":"first","9":"instock","10":"purchasable","11":"product-type-simple"},"acf":[],"_links":{"self":[{"href":"https:\/\/kingarms.ee\/lt\/wp-json\/wp\/v2\/product\/138034","targetHints":{"allow":["GET"]}}],"collection":[{"href":"https:\/\/kingarms.ee\/lt\/wp-json\/wp\/v2\/product"}],"about":[{"href":"https:\/\/kingarms.ee\/lt\/wp-json\/wp\/v2\/types\/product"}],"wp:featuredmedia":[{"embeddable":true,"href":"https:\/\/kingarms.ee\/lt\/wp-json\/wp\/v2\/media\/123658"}],"wp:attachment":[{"href":"https:\/\/kingarms.ee\/lt\/wp-json\/wp\/v2\/media?parent=138034"}],"wp:term":[{"taxonomy":"product_brand","embeddable":true,"href":"https:\/\/kingarms.ee\/lt\/wp-json\/wp\/v2\/product_brand?post=138034"},{"taxonomy":"product_cat","embeddable":true,"href":"https:\/\/kingarms.ee\/lt\/wp-json\/wp\/v2\/product_cat?post=138034"},{"taxonomy":"product_tag","embeddable":true,"href":"https:\/\/kingarms.ee\/lt\/wp-json\/wp\/v2\/product_tag?post=138034"}],"curies":[{"name":"wp","href":"https:\/\/api.w.org\/{rel}","templated":true}]}}