{"id":138037,"date":"2022-10-03T16:15:20","date_gmt":"2024-11-20T13:25:18","guid":{"rendered":"https:\/\/kingarms.ee\/product\/greitas-valymo-granules-umarex\/"},"modified":"2024-11-20T16:25:18","modified_gmt":"2024-11-20T13:25:18","slug":"greitai-valomi-skeletai-umarex","status":"publish","type":"product","link":"https:\/\/kingarms.ee\/lt\/product\/greitai-valomi-skeletai-umarex\/","title":{"rendered":"Greitas valymo granul\u0117s umarex"},"content":{"rendered":"","protected":false},"excerpt":{"rendered":"<p>Greitai valan\u010dios granul\u0117s UMAREX naudodamiesi \u0161iomis valan\u010diomis granul\u0117mis, galite greitai i\u0161valyti visas \u0161autuvus ir lygias statines. Po vis\u0173 j\u016bs\u0173 oro pistolet\u0173 \u0161audote dvi greitai valan\u010dias granules, o statin\u0117 v\u0117l \u0161vari. \u0160ios cilindrin\u0117s, tiksliai supjaustytos, sunkios veltin\u0117s granul\u0117s yra lengvai ir greitai naudojamos. Tiesiog \u012fkelkite oro pistolet\u0105 su granul\u0117mis ir \u0161audykite jas kaip normali\u0105 granul\u0119. Puikiai tinka tirpikliui ar aliejui tepti statin\u0117ms.<\/p>\n","protected":false},"featured_media":123629,"template":"","meta":{"_acf_changed":false},"product_brand":[],"product_cat":[1189],"product_tag":[],"class_list":{"0":"post-138037","1":"product","2":"type-product","3":"status-publish","4":"has-post-thumbnail","6":"product_cat-oro-pistoletas-4-5-mm","8":"first","9":"instock","10":"purchasable","11":"product-type-simple"},"acf":[],"_links":{"self":[{"href":"https:\/\/kingarms.ee\/lt\/wp-json\/wp\/v2\/product\/138037","targetHints":{"allow":["GET"]}}],"collection":[{"href":"https:\/\/kingarms.ee\/lt\/wp-json\/wp\/v2\/product"}],"about":[{"href":"https:\/\/kingarms.ee\/lt\/wp-json\/wp\/v2\/types\/product"}],"wp:featuredmedia":[{"embeddable":true,"href":"https:\/\/kingarms.ee\/lt\/wp-json\/wp\/v2\/media\/123629"}],"wp:attachment":[{"href":"https:\/\/kingarms.ee\/lt\/wp-json\/wp\/v2\/media?parent=138037"}],"wp:term":[{"taxonomy":"product_brand","embeddable":true,"href":"https:\/\/kingarms.ee\/lt\/wp-json\/wp\/v2\/product_brand?post=138037"},{"taxonomy":"product_cat","embeddable":true,"href":"https:\/\/kingarms.ee\/lt\/wp-json\/wp\/v2\/product_cat?post=138037"},{"taxonomy":"product_tag","embeddable":true,"href":"https:\/\/kingarms.ee\/lt\/wp-json\/wp\/v2\/product_tag?post=138037"}],"curies":[{"name":"wp","href":"https:\/\/api.w.org\/{rel}","templated":true}]}}