{"id":138059,"date":"2022-10-03T16:15:09","date_gmt":"2024-11-20T14:29:20","guid":{"rendered":"https:\/\/kingarms.ee\/product\/dekorayvine-katana\/"},"modified":"2024-11-20T17:29:20","modified_gmt":"2024-11-20T14:29:20","slug":"dekoratyvinis-katana-10-2","status":"publish","type":"product","link":"https:\/\/kingarms.ee\/lt\/product\/dekoratyvinis-katana-10-2\/","title":{"rendered":"DeKORAYVIN\u0117 KATANA"},"content":{"rendered":"","protected":false},"excerpt":{"rendered":"<p>\u012ekv\u0117ptas Ichigo Kurosaki \u201eKatana\u201c &#8211; trumpa versija<\/p>\n<p>\u201eBleach Anime\u201c serija<\/p>\n<p>plieninis \u201eBladewooden Tsuka\u201c ir \u201eCoverMetal Tsuba\u201c<\/p>\n<p>Bendras ilgis 1020 mm<\/p>\n<p>A\u0161men\u0173 ilgis 680 mm<\/p>\n<p>\u201eTsuka\u201c ilgis 280 mm<\/p>\n","protected":false},"featured_media":123776,"template":"","meta":{"_acf_changed":false},"product_brand":[],"product_cat":[1271],"product_tag":[],"class_list":{"0":"post-138059","1":"product","2":"type-product","3":"status-publish","4":"has-post-thumbnail","6":"product_cat-katana-tanto-lt","8":"first","9":"onbackorder","10":"product-type-simple"},"acf":[],"_links":{"self":[{"href":"https:\/\/kingarms.ee\/lt\/wp-json\/wp\/v2\/product\/138059","targetHints":{"allow":["GET"]}}],"collection":[{"href":"https:\/\/kingarms.ee\/lt\/wp-json\/wp\/v2\/product"}],"about":[{"href":"https:\/\/kingarms.ee\/lt\/wp-json\/wp\/v2\/types\/product"}],"wp:featuredmedia":[{"embeddable":true,"href":"https:\/\/kingarms.ee\/lt\/wp-json\/wp\/v2\/media\/123776"}],"wp:attachment":[{"href":"https:\/\/kingarms.ee\/lt\/wp-json\/wp\/v2\/media?parent=138059"}],"wp:term":[{"taxonomy":"product_brand","embeddable":true,"href":"https:\/\/kingarms.ee\/lt\/wp-json\/wp\/v2\/product_brand?post=138059"},{"taxonomy":"product_cat","embeddable":true,"href":"https:\/\/kingarms.ee\/lt\/wp-json\/wp\/v2\/product_cat?post=138059"},{"taxonomy":"product_tag","embeddable":true,"href":"https:\/\/kingarms.ee\/lt\/wp-json\/wp\/v2\/product_tag?post=138059"}],"curies":[{"name":"wp","href":"https:\/\/api.w.org\/{rel}","templated":true}]}}