{"id":138061,"date":"2022-10-03T16:15:09","date_gmt":"2024-11-20T14:31:29","guid":{"rendered":"https:\/\/kingarms.ee\/product\/dekorayvine-katana\/"},"modified":"2024-11-20T17:31:29","modified_gmt":"2024-11-20T14:31:29","slug":"ornamentinis-katana-7","status":"publish","type":"product","link":"https:\/\/kingarms.ee\/lt\/product\/ornamentinis-katana-7\/","title":{"rendered":"DeKORAYVIN\u0117 KATANA"},"content":{"rendered":"","protected":false},"excerpt":{"rendered":"<p>\u012ekv\u0117p\u0117 Tanjiro Kamado \u201eKatana\u201c<\/p>\n<p>anime serijos demon\u0173 \u017eudikas &#8211; kimetsu no yaiba<\/p>\n<p>Anglies plienas Blademetal Tsuba<\/p>\n<p>medinis sukibimas ir \u0161a\u0161lykas<\/p>\n<p>Bendras ilgis 975 mm (1040 mm su \u0161a\u0161lyku)<\/p>\n<p>A\u0161men\u0173 ilgis 680 mm<\/p>\n<p>Svoris 716 g (966 g su \u0161a\u0161lyku)<\/p>\n","protected":false},"featured_media":123786,"template":"","meta":{"_acf_changed":false},"product_brand":[],"product_cat":[1271],"product_tag":[],"class_list":{"0":"post-138061","1":"product","2":"type-product","3":"status-publish","4":"has-post-thumbnail","6":"product_cat-katana-tanto-lt","8":"first","9":"instock","10":"purchasable","11":"product-type-simple"},"acf":[],"_links":{"self":[{"href":"https:\/\/kingarms.ee\/lt\/wp-json\/wp\/v2\/product\/138061","targetHints":{"allow":["GET"]}}],"collection":[{"href":"https:\/\/kingarms.ee\/lt\/wp-json\/wp\/v2\/product"}],"about":[{"href":"https:\/\/kingarms.ee\/lt\/wp-json\/wp\/v2\/types\/product"}],"wp:featuredmedia":[{"embeddable":true,"href":"https:\/\/kingarms.ee\/lt\/wp-json\/wp\/v2\/media\/123786"}],"wp:attachment":[{"href":"https:\/\/kingarms.ee\/lt\/wp-json\/wp\/v2\/media?parent=138061"}],"wp:term":[{"taxonomy":"product_brand","embeddable":true,"href":"https:\/\/kingarms.ee\/lt\/wp-json\/wp\/v2\/product_brand?post=138061"},{"taxonomy":"product_cat","embeddable":true,"href":"https:\/\/kingarms.ee\/lt\/wp-json\/wp\/v2\/product_cat?post=138061"},{"taxonomy":"product_tag","embeddable":true,"href":"https:\/\/kingarms.ee\/lt\/wp-json\/wp\/v2\/product_tag?post=138061"}],"curies":[{"name":"wp","href":"https:\/\/api.w.org\/{rel}","templated":true}]}}