{"id":138065,"date":"2022-09-25T12:42:30","date_gmt":"2024-11-20T14:38:55","guid":{"rendered":"https:\/\/kingarms.ee\/product\/vandeniui-atsparios-rungtynes\/"},"modified":"2024-11-20T17:38:55","modified_gmt":"2024-11-20T14:38:55","slug":"neperslampami-galiukai","status":"publish","type":"product","link":"https:\/\/kingarms.ee\/lt\/product\/neperslampami-galiukai\/","title":{"rendered":"Vandeniui atsparios rungtyn\u0117s"},"content":{"rendered":"<p><img loading=\"lazy\" decoding=\"async\" class=\"alignnone size-medium wp-image-62008\" src=\"https:\/\/kingarms.ee\/wp-content\/uploads\/2022\/09\/survival-matches-c50f1be0ed6c4062abe32d9d1a08b49a-9441a0cf-300x300.jpeg\" alt=\"\" width=\"300\" height=\"300\" srcset=\"https:\/\/kingarms.ee\/wp-content\/uploads\/2022\/09\/survival-matches-c50f1be0ed6c4062abe32d9d1a08b49a-9441a0cf-300x300.jpeg 300w, https:\/\/kingarms.ee\/wp-content\/uploads\/2022\/09\/survival-matches-c50f1be0ed6c4062abe32d9d1a08b49a-9441a0cf-150x150.jpeg 150w, https:\/\/kingarms.ee\/wp-content\/uploads\/2022\/09\/survival-matches-c50f1be0ed6c4062abe32d9d1a08b49a-9441a0cf-768x768.jpeg 768w, https:\/\/kingarms.ee\/wp-content\/uploads\/2022\/09\/survival-matches-c50f1be0ed6c4062abe32d9d1a08b49a-9441a0cf-500x500.jpeg 500w, https:\/\/kingarms.ee\/wp-content\/uploads\/2022\/09\/survival-matches-c50f1be0ed6c4062abe32d9d1a08b49a-9441a0cf.jpeg 900w\" sizes=\"auto, (max-width: 300px) 100vw, 300px\" \/><\/p>\n","protected":false},"excerpt":{"rendered":"<p>Vandeniui atsparios rungtyn\u0117s<\/p>\n<p>Taip pat dirbkite su\u0161lap\u0119 (per pagr\u012fst\u0105 laik\u0105)<\/p>\n","protected":false},"featured_media":123551,"template":"","meta":{"_acf_changed":false},"product_brand":[],"product_cat":[1263],"product_tag":[],"class_list":{"0":"post-138065","1":"product","2":"type-product","3":"status-publish","4":"has-post-thumbnail","6":"product_cat-kelioniu-prekes","8":"first","9":"outofstock","10":"taxable","11":"shipping-taxable","12":"purchasable","13":"product-type-simple"},"acf":[],"_links":{"self":[{"href":"https:\/\/kingarms.ee\/lt\/wp-json\/wp\/v2\/product\/138065","targetHints":{"allow":["GET"]}}],"collection":[{"href":"https:\/\/kingarms.ee\/lt\/wp-json\/wp\/v2\/product"}],"about":[{"href":"https:\/\/kingarms.ee\/lt\/wp-json\/wp\/v2\/types\/product"}],"wp:featuredmedia":[{"embeddable":true,"href":"https:\/\/kingarms.ee\/lt\/wp-json\/wp\/v2\/media\/123551"}],"wp:attachment":[{"href":"https:\/\/kingarms.ee\/lt\/wp-json\/wp\/v2\/media?parent=138065"}],"wp:term":[{"taxonomy":"product_brand","embeddable":true,"href":"https:\/\/kingarms.ee\/lt\/wp-json\/wp\/v2\/product_brand?post=138065"},{"taxonomy":"product_cat","embeddable":true,"href":"https:\/\/kingarms.ee\/lt\/wp-json\/wp\/v2\/product_cat?post=138065"},{"taxonomy":"product_tag","embeddable":true,"href":"https:\/\/kingarms.ee\/lt\/wp-json\/wp\/v2\/product_tag?post=138065"}],"curies":[{"name":"wp","href":"https:\/\/api.w.org\/{rel}","templated":true}]}}