{"id":138071,"date":"2022-09-19T20:38:51","date_gmt":"2024-11-20T15:14:03","guid":{"rendered":"https:\/\/kingarms.ee\/product\/nepersaunama-ploksteles-iiia-lygis\/"},"modified":"2024-11-20T18:14:03","modified_gmt":"2024-11-20T15:14:03","slug":"kulkos-iki-ploksteles-lygio-iiia","status":"publish","type":"product","link":"https:\/\/kingarms.ee\/lt\/product\/kulkos-iki-ploksteles-lygio-iiia\/","title":{"rendered":"Neper\u0161aunama plok\u0161tel\u0117s IIIA lygis+"},"content":{"rendered":"<p>Neper\u0161aunama plok\u0161tel\u0117s IIIA lygis+<\/p>\n<p><img loading=\"lazy\" decoding=\"async\" class=\"alignnone size-medium wp-image-62722\" src=\"https:\/\/kingarms.ee\/wp-content\/uploads\/2022\/09\/opplanet-ar500-armor-level-iiia-10x12-lightweight-steel-asc-curved-body-armor-plate-build-up-paxcon-coating-black-9319-main-300x300.jpeg\" alt=\"\" width=\"300\" height=\"300\" srcset=\"https:\/\/kingarms.ee\/wp-content\/uploads\/2022\/09\/opplanet-ar500-armor-level-iiia-10x12-lightweight-steel-asc-curved-body-armor-plate-build-up-paxcon-coating-black-9319-main-300x300.jpeg 300w, https:\/\/kingarms.ee\/wp-content\/uploads\/2022\/09\/opplanet-ar500-armor-level-iiia-10x12-lightweight-steel-asc-curved-body-armor-plate-build-up-paxcon-coating-black-9319-main-150x150.jpeg 150w, https:\/\/kingarms.ee\/wp-content\/uploads\/2022\/09\/opplanet-ar500-armor-level-iiia-10x12-lightweight-steel-asc-curved-body-armor-plate-build-up-paxcon-coating-black-9319-main-768x768.jpeg 768w, https:\/\/kingarms.ee\/wp-content\/uploads\/2022\/09\/opplanet-ar500-armor-level-iiia-10x12-lightweight-steel-asc-curved-body-armor-plate-build-up-paxcon-coating-black-9319-main-500x500.jpeg 500w, https:\/\/kingarms.ee\/wp-content\/uploads\/2022\/09\/opplanet-ar500-armor-level-iiia-10x12-lightweight-steel-asc-curved-body-armor-plate-build-up-paxcon-coating-black-9319-main.jpeg 1000w\" sizes=\"auto, (max-width: 300px) 100vw, 300px\" \/><\/p>\n","protected":false},"excerpt":{"rendered":"<p>\u201eBullet\u201c -nepraleid\u017eianti plok\u0161t\u0117s IIIA lygis+ 30&#215;25 cm dydis<\/p>\n<p>Naudojimas buvo tik su pagalv\u0117l\u0117mis.<\/p>\n<p>Apsauga:<\/p>\n<p>.22LR\/380\/9 mm<br \/>\n.40\/.45ACP\/.357mag<br \/>\n357Sig\/.44mag<br \/>\n7.62&#215;39\/7.62&#215;51\/5.56<\/p>\n<p>Svoris: 4,3 kg<\/p>\n","protected":false},"featured_media":123914,"template":"","meta":{"_acf_changed":false},"product_brand":[],"product_cat":[1239],"product_tag":[],"class_list":{"0":"post-138071","1":"product","2":"type-product","3":"status-publish","4":"has-post-thumbnail","6":"product_cat-iranga-lt","8":"first","9":"outofstock","10":"taxable","11":"shipping-taxable","12":"purchasable","13":"product-type-simple"},"acf":[],"_links":{"self":[{"href":"https:\/\/kingarms.ee\/lt\/wp-json\/wp\/v2\/product\/138071","targetHints":{"allow":["GET"]}}],"collection":[{"href":"https:\/\/kingarms.ee\/lt\/wp-json\/wp\/v2\/product"}],"about":[{"href":"https:\/\/kingarms.ee\/lt\/wp-json\/wp\/v2\/types\/product"}],"wp:featuredmedia":[{"embeddable":true,"href":"https:\/\/kingarms.ee\/lt\/wp-json\/wp\/v2\/media\/123914"}],"wp:attachment":[{"href":"https:\/\/kingarms.ee\/lt\/wp-json\/wp\/v2\/media?parent=138071"}],"wp:term":[{"taxonomy":"product_brand","embeddable":true,"href":"https:\/\/kingarms.ee\/lt\/wp-json\/wp\/v2\/product_brand?post=138071"},{"taxonomy":"product_cat","embeddable":true,"href":"https:\/\/kingarms.ee\/lt\/wp-json\/wp\/v2\/product_cat?post=138071"},{"taxonomy":"product_tag","embeddable":true,"href":"https:\/\/kingarms.ee\/lt\/wp-json\/wp\/v2\/product_tag?post=138071"}],"curies":[{"name":"wp","href":"https:\/\/api.w.org\/{rel}","templated":true}]}}