{"id":138086,"date":"2022-07-18T12:19:44","date_gmt":"2024-11-22T09:20:27","guid":{"rendered":"https:\/\/kingarms.ee\/product\/sudetinis-arbaletas-185-svaru-ek-is-lanko\/"},"modified":"2024-11-22T12:20:27","modified_gmt":"2024-11-22T09:20:27","slug":"sudetines-kryzmines-accelerator-410-black-185-lbs-ek-archery","status":"publish","type":"product","link":"https:\/\/kingarms.ee\/lt\/product\/sudetines-kryzmines-accelerator-410-black-185-lbs-ek-archery\/","title":{"rendered":"Sud\u0117tinis arbaletas 185 svar\u0173 EK i\u0161 lanko"},"content":{"rendered":"","protected":false},"excerpt":{"rendered":"<p>Sud\u0117tinis arbaletas 185 svar\u0173 EK i\u0161 lanko<\/p>\n<p>Junginio arbaleto akceleratorius 410+<br \/>\nNupie\u0161kite svor\u012f: 185 svarai<br \/>\nGreitis: 400 kadr\u0173 per sekund\u0119<br \/>\nGalios sm\u016bgio 14,5 &#8221;<br \/>\nStiklo pluo\u0161to gal\u016bn\u0117s<br \/>\nSustiprintos kompozicin\u0117s reguliuojamos atsargos<br \/>\nStandartiniai 20 mm b\u0117giai<br \/>\nApimtis su 4x mastelio keitimu ir 32 mm objektyvu<br \/>\nSulankstomas priekinis rankena<br \/>\nPe\u010di\u0173 dir\u017eas<br \/>\n3x 20 &#8220;anglies var\u017etai<br \/>\n3 lank\u0173 virp\u0117jimas, virv\u0117s virv\u0117, akiniai ir va\u0161kas<br \/>\nIlgis 900 mm &#8211; 965 mm<br \/>\nSvoris 3600 g<\/p>\n","protected":false},"featured_media":122956,"template":"","meta":{"_acf_changed":false},"product_brand":[],"product_cat":[1151,1152],"product_tag":[],"class_list":{"0":"post-138086","1":"product","2":"type-product","3":"status-publish","4":"has-post-thumbnail","6":"product_cat-lankai-ir-skersiniai","7":"product_cat-skersiniai","9":"first","10":"instock","11":"taxable","12":"shipping-taxable","13":"purchasable","14":"product-type-simple"},"acf":[],"_links":{"self":[{"href":"https:\/\/kingarms.ee\/lt\/wp-json\/wp\/v2\/product\/138086","targetHints":{"allow":["GET"]}}],"collection":[{"href":"https:\/\/kingarms.ee\/lt\/wp-json\/wp\/v2\/product"}],"about":[{"href":"https:\/\/kingarms.ee\/lt\/wp-json\/wp\/v2\/types\/product"}],"wp:featuredmedia":[{"embeddable":true,"href":"https:\/\/kingarms.ee\/lt\/wp-json\/wp\/v2\/media\/122956"}],"wp:attachment":[{"href":"https:\/\/kingarms.ee\/lt\/wp-json\/wp\/v2\/media?parent=138086"}],"wp:term":[{"taxonomy":"product_brand","embeddable":true,"href":"https:\/\/kingarms.ee\/lt\/wp-json\/wp\/v2\/product_brand?post=138086"},{"taxonomy":"product_cat","embeddable":true,"href":"https:\/\/kingarms.ee\/lt\/wp-json\/wp\/v2\/product_cat?post=138086"},{"taxonomy":"product_tag","embeddable":true,"href":"https:\/\/kingarms.ee\/lt\/wp-json\/wp\/v2\/product_tag?post=138086"}],"curies":[{"name":"wp","href":"https:\/\/api.w.org\/{rel}","templated":true}]}}