{"id":138112,"date":"2024-03-08T15:19:33","date_gmt":"2024-11-22T11:27:00","guid":{"rendered":"https:\/\/kingarms.ee\/product\/fenix-tk20r-ue-desert-camo-full-set\/"},"modified":"2024-11-22T14:27:00","modified_gmt":"2024-11-22T11:27:00","slug":"fenix-tk20r-ue-desert-camo-full-set","status":"publish","type":"product","link":"https:\/\/kingarms.ee\/lt\/product\/fenix-tk20r-ue-desert-camo-full-set\/","title":{"rendered":"Fenix TK20R UE Desert CAMO Full Set"},"content":{"rendered":"<p><img loading=\"lazy\" decoding=\"async\" class=\"alignnone size-full wp-image-99505\" src=\"https:\/\/kingarms.ee\/wp-content\/uploads\/2024\/03\/TK20R-UE-01.jpg\" alt=\"\" width=\"1000\" height=\"1000\" srcset=\"https:\/\/kingarms.ee\/wp-content\/uploads\/2024\/03\/TK20R-UE-01.jpg 1000w, https:\/\/kingarms.ee\/wp-content\/uploads\/2024\/03\/TK20R-UE-01-300x300.jpg 300w, https:\/\/kingarms.ee\/wp-content\/uploads\/2024\/03\/TK20R-UE-01-150x150.jpg 150w, https:\/\/kingarms.ee\/wp-content\/uploads\/2024\/03\/TK20R-UE-01-768x768.jpg 768w, https:\/\/kingarms.ee\/wp-content\/uploads\/2024\/03\/TK20R-UE-01-500x500.jpg 500w\" sizes=\"auto, (max-width: 1000px) 100vw, 1000px\" \/><\/p>\n","protected":false},"excerpt":{"rendered":"<p>Fenix TK20R UE Desert Camo visas komplektas K\u0117bulo spalva Ruda Camo (Desert Camo) Maksimalus \u0161viesos srautas 2800 liumen\u0173 Minimalus \u0161viesos srautas 30 liumen\u0173 LED elemento tipas Luminus SST70 \u0160viesos temperat\u016bra balta 6500K Optikos tipas Lygaus pavir\u0161iaus parabolinis reflektorius Tiesioginio \u012fkrovimo galimyb\u0117 Taip (USB-C) ) Baterija \u012ftraukta Taip \u012etraukta akumuliatoriaus talpa 5000 mAh Lempos perjungimo mechanizmas Galinis maitinimo ir re\u017eimo jungiklis + galinio re\u017eimo pasirinkimo mygtukas (Flexisensa valdymo perjungimo jungiklis) Spalvotos \u0161viesos re\u017eimas Ne Maksimalus darbo laikas vienu \u012fkrovimu 40h@max.30lm Darbo laikas maksimaliu re\u017eimu 3h@max.2800lm (sis.stepdown) Maksimalus \u0161viesos srauto diapazonas 465 metrai Maksimalus \u0161viesos srauto intensyvumas 53880cd Maitinimo \u012ftampos stabilizavimas Taip Apsauga nuo perkaitimo Taip (atsi\u017evelgiant \u012f lempos veikimo temperat\u016br\u0105) Darbo re\u017eimai Taktiniai grup\u0117: max.2800lm@3h ir 2800lm stroboskopas; Darbo grup\u0117: max.2800lm@3h, 1000lm@3h15min, 350lm@9h, 30lm@40h Apsaugos klas\u0117 IP68 2m Patikrintas atsparumas sm\u016bgiams Iki 1 metro Lempos matmenys 153,7mm (ilgis) x 34mm (galva) (korpusas)4mm.<br \/>\nLempos svoris 135g (be maitinimo \u0161altini\u0173)<br \/>\nKorpuso med\u017eiaga III tipo anoduotas aliuminis<br \/>\nPirminio maitinimo \u0161altinio tipas Mygtukas ir PCB apsaugotas 21700 li\u010dio jon\u0173 akumuliatorius (rekomenduojama Fenix ARB-L21 serijos baterija)<br \/>\n\u012e komplekt\u0105 \u012feina lempa, Fenix tipo 21700 5000mAh li\u010dio jon\u0173 baterija, atsarginis O \u017eiedas, USB-C \u012fkrovimo laidas, lengvas dir\u017eo mai\u0161elis, rie\u0161o dir\u017eelis.<\/p>\n","protected":false},"featured_media":134993,"template":"","meta":{"_acf_changed":false},"product_brand":[],"product_cat":[1173],"product_tag":[],"class_list":{"0":"post-138112","1":"product","2":"type-product","3":"status-publish","4":"has-post-thumbnail","6":"product_cat-zibintuvelis","8":"first","9":"instock","10":"taxable","11":"shipping-taxable","12":"purchasable","13":"product-type-simple"},"acf":[],"_links":{"self":[{"href":"https:\/\/kingarms.ee\/lt\/wp-json\/wp\/v2\/product\/138112","targetHints":{"allow":["GET"]}}],"collection":[{"href":"https:\/\/kingarms.ee\/lt\/wp-json\/wp\/v2\/product"}],"about":[{"href":"https:\/\/kingarms.ee\/lt\/wp-json\/wp\/v2\/types\/product"}],"wp:featuredmedia":[{"embeddable":true,"href":"https:\/\/kingarms.ee\/lt\/wp-json\/wp\/v2\/media\/134993"}],"wp:attachment":[{"href":"https:\/\/kingarms.ee\/lt\/wp-json\/wp\/v2\/media?parent=138112"}],"wp:term":[{"taxonomy":"product_brand","embeddable":true,"href":"https:\/\/kingarms.ee\/lt\/wp-json\/wp\/v2\/product_brand?post=138112"},{"taxonomy":"product_cat","embeddable":true,"href":"https:\/\/kingarms.ee\/lt\/wp-json\/wp\/v2\/product_cat?post=138112"},{"taxonomy":"product_tag","embeddable":true,"href":"https:\/\/kingarms.ee\/lt\/wp-json\/wp\/v2\/product_tag?post=138112"}],"curies":[{"name":"wp","href":"https:\/\/api.w.org\/{rel}","templated":true}]}}