{"id":138136,"date":"2022-05-10T16:14:00","date_gmt":"2024-11-22T19:38:27","guid":{"rendered":"https:\/\/kingarms.ee\/product\/omega-stock-mil-spec-trejybes-pajegos\/"},"modified":"2024-11-22T22:38:27","modified_gmt":"2024-11-22T19:38:27","slug":"omega-stock-mil-spec-trinity-force","status":"publish","type":"product","link":"https:\/\/kingarms.ee\/lt\/product\/omega-stock-mil-spec-trinity-force\/","title":{"rendered":"\u201eOmega Stock Mil Spec\u201c Trejyb\u0117s paj\u0117gos"},"content":{"rendered":"","protected":false},"excerpt":{"rendered":"<p>\u201eOmega Stock Mil Spec\u201c Trejyb\u0117s paj\u0117gos<\/p>\n<p>Nemokamas dizainas, kad b\u016bt\u0173 i\u0161vengta bet koki\u0173 vingi\u0173<br \/>\nKeli stropo pried\u0173 ta\u0161kai, \u012fskaitant \u201eQD\u201c s\u016bpyni\u0173 pasukamus lizdus<br \/>\nDidelis guminis u\u017epakalis, kuris yra nuimamas<br \/>\nSklandus patikrinkite poils\u012f<br \/>\nFiksavimo spaustukas, kad b\u016bt\u0173 u\u017etikrinta vieta<\/p>\n","protected":false},"featured_media":118847,"template":"","meta":{"_acf_changed":false},"product_brand":[],"product_cat":[1174],"product_tag":[],"class_list":{"0":"post-138136","1":"product","2":"type-product","3":"status-publish","4":"has-post-thumbnail","6":"product_cat-sautuvo-atsargos","8":"first","9":"instock","10":"taxable","11":"shipping-taxable","12":"purchasable","13":"product-type-simple"},"acf":[],"_links":{"self":[{"href":"https:\/\/kingarms.ee\/lt\/wp-json\/wp\/v2\/product\/138136","targetHints":{"allow":["GET"]}}],"collection":[{"href":"https:\/\/kingarms.ee\/lt\/wp-json\/wp\/v2\/product"}],"about":[{"href":"https:\/\/kingarms.ee\/lt\/wp-json\/wp\/v2\/types\/product"}],"wp:featuredmedia":[{"embeddable":true,"href":"https:\/\/kingarms.ee\/lt\/wp-json\/wp\/v2\/media\/118847"}],"wp:attachment":[{"href":"https:\/\/kingarms.ee\/lt\/wp-json\/wp\/v2\/media?parent=138136"}],"wp:term":[{"taxonomy":"product_brand","embeddable":true,"href":"https:\/\/kingarms.ee\/lt\/wp-json\/wp\/v2\/product_brand?post=138136"},{"taxonomy":"product_cat","embeddable":true,"href":"https:\/\/kingarms.ee\/lt\/wp-json\/wp\/v2\/product_cat?post=138136"},{"taxonomy":"product_tag","embeddable":true,"href":"https:\/\/kingarms.ee\/lt\/wp-json\/wp\/v2\/product_tag?post=138136"}],"curies":[{"name":"wp","href":"https:\/\/api.w.org\/{rel}","templated":true}]}}