{"id":138144,"date":"2022-04-29T14:01:00","date_gmt":"2024-11-22T21:18:11","guid":{"rendered":"https:\/\/kingarms.ee\/product\/wosport-sautuvo-apvalkalai\/"},"modified":"2024-11-23T00:18:11","modified_gmt":"2024-11-22T21:18:11","slug":"wosport-shotgun-shells-pouch-olive-drab","status":"publish","type":"product","link":"https:\/\/kingarms.ee\/lt\/product\/wosport-shotgun-shells-pouch-olive-drab\/","title":{"rendered":"\u201eWosport\u201c \u0161autuvo apvalkalai"},"content":{"rendered":"","protected":false},"excerpt":{"rendered":"<p>Nailono pluo\u0161to paj\u0117gos 10 \u0161\u016bvi\u0173<br \/>\nMolle sistema<br \/>\nMatmenys CM 8,5x24x4,5<br \/>\nSvoris 170 g<br \/>\n\u0160autuvai ne\u012fskai\u010diuoti<\/p>\n","protected":false},"featured_media":118311,"template":"","meta":{"_acf_changed":false},"product_brand":[],"product_cat":[1240,1242],"product_tag":[],"class_list":{"0":"post-138144","1":"product","2":"type-product","3":"status-publish","4":"has-post-thumbnail","6":"product_cat-maiseliai-krepsiai-ir-dirzeliai","7":"product_cat-sandeliavimo-kisenes","9":"first","10":"instock","11":"sale","12":"purchasable","13":"product-type-simple"},"acf":[],"_links":{"self":[{"href":"https:\/\/kingarms.ee\/lt\/wp-json\/wp\/v2\/product\/138144","targetHints":{"allow":["GET"]}}],"collection":[{"href":"https:\/\/kingarms.ee\/lt\/wp-json\/wp\/v2\/product"}],"about":[{"href":"https:\/\/kingarms.ee\/lt\/wp-json\/wp\/v2\/types\/product"}],"wp:featuredmedia":[{"embeddable":true,"href":"https:\/\/kingarms.ee\/lt\/wp-json\/wp\/v2\/media\/118311"}],"wp:attachment":[{"href":"https:\/\/kingarms.ee\/lt\/wp-json\/wp\/v2\/media?parent=138144"}],"wp:term":[{"taxonomy":"product_brand","embeddable":true,"href":"https:\/\/kingarms.ee\/lt\/wp-json\/wp\/v2\/product_brand?post=138144"},{"taxonomy":"product_cat","embeddable":true,"href":"https:\/\/kingarms.ee\/lt\/wp-json\/wp\/v2\/product_cat?post=138144"},{"taxonomy":"product_tag","embeddable":true,"href":"https:\/\/kingarms.ee\/lt\/wp-json\/wp\/v2\/product_tag?post=138144"}],"curies":[{"name":"wp","href":"https:\/\/api.w.org\/{rel}","templated":true}]}}