{"id":138152,"date":"2022-04-26T13:17:32","date_gmt":"2024-11-22T23:06:15","guid":{"rendered":"https:\/\/kingarms.ee\/product\/butelio-maiselis-juodas-8-laukas\/"},"modified":"2024-11-23T02:06:15","modified_gmt":"2024-11-22T23:06:15","slug":"buteliuko-krepsio-8fieldai","status":"publish","type":"product","link":"https:\/\/kingarms.ee\/lt\/product\/buteliuko-krepsio-8fieldai\/","title":{"rendered":"Butelio mai\u0161elis juodas 8 laukas"},"content":{"rendered":"","protected":false},"excerpt":{"rendered":"<p>Butelio mai\u0161elis juodas 8 laukas, skirtas tilpti \u012f vandens buteliuk\u0105, \u201eBidon\u201c ar pana\u0161aus dyd\u017eio ind\u0105. Suderinama su bet kokiomis \u201eMolle\u201c platformomis (liemene, krep\u0161yje, bud\u0117jimo dir\u017eu ar kuprine).<\/p>\n","protected":false},"featured_media":117716,"template":"","meta":{"_acf_changed":false},"product_brand":[],"product_cat":[1246,1240],"product_tag":[],"class_list":{"0":"post-138152","1":"product","2":"type-product","3":"status-publish","4":"has-post-thumbnail","6":"product_cat-kisenes","7":"product_cat-maiseliai-krepsiai-ir-dirzeliai","9":"first","10":"instock","11":"purchasable","12":"product-type-simple"},"acf":[],"_links":{"self":[{"href":"https:\/\/kingarms.ee\/lt\/wp-json\/wp\/v2\/product\/138152","targetHints":{"allow":["GET"]}}],"collection":[{"href":"https:\/\/kingarms.ee\/lt\/wp-json\/wp\/v2\/product"}],"about":[{"href":"https:\/\/kingarms.ee\/lt\/wp-json\/wp\/v2\/types\/product"}],"wp:featuredmedia":[{"embeddable":true,"href":"https:\/\/kingarms.ee\/lt\/wp-json\/wp\/v2\/media\/117716"}],"wp:attachment":[{"href":"https:\/\/kingarms.ee\/lt\/wp-json\/wp\/v2\/media?parent=138152"}],"wp:term":[{"taxonomy":"product_brand","embeddable":true,"href":"https:\/\/kingarms.ee\/lt\/wp-json\/wp\/v2\/product_brand?post=138152"},{"taxonomy":"product_cat","embeddable":true,"href":"https:\/\/kingarms.ee\/lt\/wp-json\/wp\/v2\/product_cat?post=138152"},{"taxonomy":"product_tag","embeddable":true,"href":"https:\/\/kingarms.ee\/lt\/wp-json\/wp\/v2\/product_tag?post=138152"}],"curies":[{"name":"wp","href":"https:\/\/api.w.org\/{rel}","templated":true}]}}