{"id":138153,"date":"2022-04-26T13:17:32","date_gmt":"2024-11-22T23:20:49","guid":{"rendered":"https:\/\/kingarms.ee\/product\/susikreipkite-ismetimo-maiseli-mb-8-laukai\/"},"modified":"2024-11-23T02:20:49","modified_gmt":"2024-11-22T23:20:49","slug":"roll-up-dump-puch-mb-8-laukai","status":"publish","type":"product","link":"https:\/\/kingarms.ee\/lt\/product\/roll-up-dump-puch-mb-8-laukai\/","title":{"rendered":"Susikreipkite i\u0161metimo mai\u0161el\u012f MB 8 laukai"},"content":{"rendered":"","protected":false},"excerpt":{"rendered":"<p>\u201eRoll Up\u201c mai\u0161elis MB 8fields Roll-Up Drop mai\u0161elis gali laikyti iki 8 i\u0161leist\u0173 M4\/ M16 \u017eurnal\u0173. Susukama, kai nenaudojama. Universal\u016bs dir\u017eeliai leid\u017eia lengvai pritvirtinti dir\u017e\u0105, pakuot\u0119 ar liemen\u0119.<\/p>\n","protected":false},"featured_media":117594,"template":"","meta":{"_acf_changed":false},"product_brand":[],"product_cat":[1240,1242],"product_tag":[],"class_list":{"0":"post-138153","1":"product","2":"type-product","3":"status-publish","4":"has-post-thumbnail","6":"product_cat-maiseliai-krepsiai-ir-dirzeliai","7":"product_cat-sandeliavimo-kisenes","9":"first","10":"instock","11":"purchasable","12":"product-type-simple"},"acf":[],"_links":{"self":[{"href":"https:\/\/kingarms.ee\/lt\/wp-json\/wp\/v2\/product\/138153","targetHints":{"allow":["GET"]}}],"collection":[{"href":"https:\/\/kingarms.ee\/lt\/wp-json\/wp\/v2\/product"}],"about":[{"href":"https:\/\/kingarms.ee\/lt\/wp-json\/wp\/v2\/types\/product"}],"wp:featuredmedia":[{"embeddable":true,"href":"https:\/\/kingarms.ee\/lt\/wp-json\/wp\/v2\/media\/117594"}],"wp:attachment":[{"href":"https:\/\/kingarms.ee\/lt\/wp-json\/wp\/v2\/media?parent=138153"}],"wp:term":[{"taxonomy":"product_brand","embeddable":true,"href":"https:\/\/kingarms.ee\/lt\/wp-json\/wp\/v2\/product_brand?post=138153"},{"taxonomy":"product_cat","embeddable":true,"href":"https:\/\/kingarms.ee\/lt\/wp-json\/wp\/v2\/product_cat?post=138153"},{"taxonomy":"product_tag","embeddable":true,"href":"https:\/\/kingarms.ee\/lt\/wp-json\/wp\/v2\/product_tag?post=138153"}],"curies":[{"name":"wp","href":"https:\/\/api.w.org\/{rel}","templated":true}]}}