{"id":138216,"date":"2023-10-10T18:06:49","date_gmt":"2023-10-10T15:06:49","guid":{"rendered":"https:\/\/kingarms.ee\/product\/pavasario-ginklas-mr-711-gerai\/"},"modified":"2024-11-23T15:10:35","modified_gmt":"2024-11-23T12:10:35","slug":"vedrurelv-mr-711-well","status":"publish","type":"product","link":"https:\/\/kingarms.ee\/lt\/product\/vedrurelv-mr-711-well\/","title":{"rendered":"Pavasario Ginklas MR-711 (Gerai)"},"content":{"rendered":"<p><img loading=\"lazy\" decoding=\"async\" class=\"alignnone size-medium wp-image-81796\" src=\"https:\/\/kingarms.ee\/wp-content\/uploads\/2023\/10\/1137359042_1-300x205.webp\" alt=\"\" width=\"300\" height=\"205\" srcset=\"https:\/\/kingarms.ee\/wp-content\/uploads\/2023\/10\/1137359042_1-300x205.webp 300w, https:\/\/kingarms.ee\/wp-content\/uploads\/2023\/10\/1137359042_1-500x341.webp 500w, https:\/\/kingarms.ee\/wp-content\/uploads\/2023\/10\/1137359042_1-150x102.webp 150w, https:\/\/kingarms.ee\/wp-content\/uploads\/2023\/10\/1137359042_1.webp 550w\" sizes=\"auto, (max-width: 300px) 100vw, 300px\" \/><\/p>\n","protected":false},"excerpt":{"rendered":"<p>Pavasario Ginklas MR-711 (Shululys) MR-711 ATAKOS PISTOLETO KOPIJA YRA Pagaminta Ichi Patvara abs. Uogiena \u201eBasing GerA DARBO Kokyb\u0117 IR D\u0117MESYS DETALS\u201c, TOKYIOMS KAIP KAIP KAIP REGULJAMA, GABENANTYS RANKENOS TAIKINYS. \u0160IO MODELIO TRO\u0160KIMAS Shis modelis \u201eNaudoja 5 Pad\u0117\u010digan\u201c Milnankstom\u0105 Medjiag\u0105, Jinoma Ich M4 Karabino. D\u0117l dar galime Geriim Geriiu Kopij\u0105 \u012f Savo Shaudymo pozicij\u0105. Rinkina: &#8211; MR -711 Pilllllkaln<br \/>\n&#8211; Tepala<br \/>\n&#8211; Dirjelis<br \/>\n&#8211; Pavasara<\/p>\n","protected":false},"featured_media":130184,"template":"","meta":{"_acf_changed":false},"product_brand":[],"product_cat":[1139],"product_tag":[],"class_list":{"0":"post-138216","1":"product","2":"type-product","3":"status-publish","4":"has-post-thumbnail","6":"product_cat-elektro-pneumatiniai-ginklai","8":"first","9":"instock","10":"taxable","11":"shipping-taxable","12":"purchasable","13":"product-type-simple"},"acf":[],"_links":{"self":[{"href":"https:\/\/kingarms.ee\/lt\/wp-json\/wp\/v2\/product\/138216","targetHints":{"allow":["GET"]}}],"collection":[{"href":"https:\/\/kingarms.ee\/lt\/wp-json\/wp\/v2\/product"}],"about":[{"href":"https:\/\/kingarms.ee\/lt\/wp-json\/wp\/v2\/types\/product"}],"wp:featuredmedia":[{"embeddable":true,"href":"https:\/\/kingarms.ee\/lt\/wp-json\/wp\/v2\/media\/130184"}],"wp:attachment":[{"href":"https:\/\/kingarms.ee\/lt\/wp-json\/wp\/v2\/media?parent=138216"}],"wp:term":[{"taxonomy":"product_brand","embeddable":true,"href":"https:\/\/kingarms.ee\/lt\/wp-json\/wp\/v2\/product_brand?post=138216"},{"taxonomy":"product_cat","embeddable":true,"href":"https:\/\/kingarms.ee\/lt\/wp-json\/wp\/v2\/product_cat?post=138216"},{"taxonomy":"product_tag","embeddable":true,"href":"https:\/\/kingarms.ee\/lt\/wp-json\/wp\/v2\/product_tag?post=138216"}],"curies":[{"name":"wp","href":"https:\/\/api.w.org\/{rel}","templated":true}]}}