{"id":138218,"date":"2023-10-10T17:54:22","date_gmt":"2024-11-23T12:13:17","guid":{"rendered":"https:\/\/kingarms.ee\/product\/p90-gerai\/"},"modified":"2024-11-23T15:13:17","modified_gmt":"2024-11-23T12:13:17","slug":"p90-well","status":"publish","type":"product","link":"https:\/\/kingarms.ee\/lt\/product\/p90-well\/","title":{"rendered":"P90 (Gerai)"},"content":{"rendered":"<p><img loading=\"lazy\" decoding=\"async\" class=\"alignnone size-medium wp-image-81752\" src=\"https:\/\/kingarms.ee\/wp-content\/uploads\/2023\/10\/1133184126_1-300x205.webp\" alt=\"\" width=\"300\" height=\"205\" srcset=\"https:\/\/kingarms.ee\/wp-content\/uploads\/2023\/10\/1133184126_1-300x205.webp 300w, https:\/\/kingarms.ee\/wp-content\/uploads\/2023\/10\/1133184126_1-500x341.webp 500w, https:\/\/kingarms.ee\/wp-content\/uploads\/2023\/10\/1133184126_1-150x102.webp 150w, https:\/\/kingarms.ee\/wp-content\/uploads\/2023\/10\/1133184126_1.webp 550w\" sizes=\"auto, (max-width: 300px) 100vw, 300px\" \/><\/p>\n","protected":false},"excerpt":{"rendered":"<p>\u201eP90\u201c (Shulinio) \u201eD90H\u201c KULKOSVIVIO KOPIJA YRA Padarita Panashiai KAIP originalus plastikas, Kuris Yra Beveik Visi\u0161kai Patvarus. D\u0117l compaktiashkos strunkuros ir maz\u0173 mate Maten\u0173 Ji Yra Ypach Patogols, Trumpums Trumpoms ir Vidutin\u0117ms Kovoms. Ispl\u0117stinis vamzdis, Kuris t\u0119siasi toli uzi gaiduko (Tipi\u0161ko \u201eBullpuup\u201c ginkl\u0173), Sudeivic Diddesnesne Shaudym\u0105. \u201eVieno Ash MiegoJau Su 300 Kulkaj\u201c, \u201eKurios Su 0.12 Gramo rutuli\u0173\u201c, \u201eSverian\u010digan\u201c Gauta rutula, Yra Iki 180 Kadr\u0173 per sekund\u0119. Varida pat Galima Naudoti Sunkesnes, 0,20 g granul\u0117s, Tod\u0117l diapazonas shiek Tiek Sumaj\u0117ja, Tuo pacivi Padinninan Ugnies tkslum\u0105. Kopijoje yra is-ray skrud\u0117lyno d\u0117klo malo. Taiilanda Leozia Kopijai Prijungti &#8220;Raudonasis dot&#8221; Rinkin Prie Rinkino, Tod\u0117l Shaudyti Yra Dauguu ir Grei\u010dinau, Arba Taktina Rinkino Ypintuzu ambintuzu ambintuv\u0117. \u012e Rinkin Sudaro: &#8211; Ginklas<br \/>\n&#8211; Tepala<br \/>\n&#8211; Bateris<br \/>\n&#8211; \u012fkroviklis<br \/>\n&#8211; Duslinuas<br \/>\n&#8211; Dirjelis<br \/>\n&#8211; Ironas Ta\u0161ka<br \/>\n&#8211; \u017dibintuv\u0117lis<\/p>\n","protected":false},"featured_media":130151,"template":"","meta":{"_acf_changed":false},"product_brand":[],"product_cat":[1139],"product_tag":[],"class_list":{"0":"post-138218","1":"product","2":"type-product","3":"status-publish","4":"has-post-thumbnail","6":"product_cat-elektro-pneumatiniai-ginklai","8":"first","9":"onbackorder","10":"taxable","11":"shipping-taxable","12":"product-type-simple"},"acf":[],"_links":{"self":[{"href":"https:\/\/kingarms.ee\/lt\/wp-json\/wp\/v2\/product\/138218","targetHints":{"allow":["GET"]}}],"collection":[{"href":"https:\/\/kingarms.ee\/lt\/wp-json\/wp\/v2\/product"}],"about":[{"href":"https:\/\/kingarms.ee\/lt\/wp-json\/wp\/v2\/types\/product"}],"wp:featuredmedia":[{"embeddable":true,"href":"https:\/\/kingarms.ee\/lt\/wp-json\/wp\/v2\/media\/130151"}],"wp:attachment":[{"href":"https:\/\/kingarms.ee\/lt\/wp-json\/wp\/v2\/media?parent=138218"}],"wp:term":[{"taxonomy":"product_brand","embeddable":true,"href":"https:\/\/kingarms.ee\/lt\/wp-json\/wp\/v2\/product_brand?post=138218"},{"taxonomy":"product_cat","embeddable":true,"href":"https:\/\/kingarms.ee\/lt\/wp-json\/wp\/v2\/product_cat?post=138218"},{"taxonomy":"product_tag","embeddable":true,"href":"https:\/\/kingarms.ee\/lt\/wp-json\/wp\/v2\/product_tag?post=138218"}],"curies":[{"name":"wp","href":"https:\/\/api.w.org\/{rel}","templated":true}]}}