{"id":138240,"date":"2023-10-10T14:28:15","date_gmt":"2024-11-23T13:28:20","guid":{"rendered":"https:\/\/kingarms.ee\/product\/anglies-pluosto-duslinaas-30x150-mm-jalia\/"},"modified":"2024-11-23T16:28:20","modified_gmt":"2024-11-23T13:28:20","slug":"susinikkiust-summuti-30x150mm-roheline","status":"publish","type":"product","link":"https:\/\/kingarms.ee\/lt\/product\/susinikkiust-summuti-30x150mm-roheline\/","title":{"rendered":"Anglies pluo\u0161to duslinaas 30&#215;150 mm jalia"},"content":{"rendered":"<p><img loading=\"lazy\" decoding=\"async\" class=\"alignnone size-medium wp-image-81666\" src=\"https:\/\/kingarms.ee\/wp-content\/uploads\/2023\/10\/1152235055_2-300x200.webp\" alt=\"\" width=\"300\" height=\"200\" srcset=\"https:\/\/kingarms.ee\/wp-content\/uploads\/2023\/10\/1152235055_2-300x200.webp 300w, https:\/\/kingarms.ee\/wp-content\/uploads\/2023\/10\/1152235055_2-1024x682.webp 1024w, https:\/\/kingarms.ee\/wp-content\/uploads\/2023\/10\/1152235055_2-768x512.webp 768w, https:\/\/kingarms.ee\/wp-content\/uploads\/2023\/10\/1152235055_2-1536x1024.webp 1536w, https:\/\/kingarms.ee\/wp-content\/uploads\/2023\/10\/1152235055_2-500x333.webp 500w, https:\/\/kingarms.ee\/wp-content\/uploads\/2023\/10\/1152235055_2-150x100.webp 150w, https:\/\/kingarms.ee\/wp-content\/uploads\/2023\/10\/1152235055_2.webp 2000w\" sizes=\"auto, (max-width: 300px) 100vw, 300px\" \/><\/p>\n","protected":false},"excerpt":{"rendered":"<p>Anglies PluoShto Shotlinaas 30&#215;150 mm Jalia Daugaikis Kampuo, vakar\u0117lis Ich Lengvojo Duslastuvuv. \u201eDusbird\u201c \u201eGala Galaz\u0117 Ish Aliuminio Su 14 mm CCW SREGIU CNC. \u201eCore airsoft Italy\u201c \u201eYra \u012fmon\u0117, Kurianti honhtos Kokyb\u0117s Isorines Dalis Titek Spako Spako, TIEK GBB Kopijoms. PLATUS SPPALV\u0173 AORTENTAS IR BEVEIK KIEKVIENO ELEMENTO GALIMYB\u0117 YRA PATENAMI TradicInIams \u201eAirSoft\u201c IR \u201eSpeedsoft\u201c M\u0117g\u0117jams. Visos Dalys Yra Visi\u0161kai SPROKTUOTOS IR Pagamino Italije.<\/p>\n<p>&nbsp;<\/p>\n","protected":false},"featured_media":130109,"template":"","meta":{"_acf_changed":false},"product_brand":[],"product_cat":[1256],"product_tag":[],"class_list":{"0":"post-138240","1":"product","2":"type-product","3":"status-publish","4":"has-post-thumbnail","6":"product_cat-duslintuvai","8":"first","9":"onbackorder","10":"taxable","11":"shipping-taxable","12":"product-type-simple"},"acf":[],"_links":{"self":[{"href":"https:\/\/kingarms.ee\/lt\/wp-json\/wp\/v2\/product\/138240","targetHints":{"allow":["GET"]}}],"collection":[{"href":"https:\/\/kingarms.ee\/lt\/wp-json\/wp\/v2\/product"}],"about":[{"href":"https:\/\/kingarms.ee\/lt\/wp-json\/wp\/v2\/types\/product"}],"wp:featuredmedia":[{"embeddable":true,"href":"https:\/\/kingarms.ee\/lt\/wp-json\/wp\/v2\/media\/130109"}],"wp:attachment":[{"href":"https:\/\/kingarms.ee\/lt\/wp-json\/wp\/v2\/media?parent=138240"}],"wp:term":[{"taxonomy":"product_brand","embeddable":true,"href":"https:\/\/kingarms.ee\/lt\/wp-json\/wp\/v2\/product_brand?post=138240"},{"taxonomy":"product_cat","embeddable":true,"href":"https:\/\/kingarms.ee\/lt\/wp-json\/wp\/v2\/product_cat?post=138240"},{"taxonomy":"product_tag","embeddable":true,"href":"https:\/\/kingarms.ee\/lt\/wp-json\/wp\/v2\/product_tag?post=138240"}],"curies":[{"name":"wp","href":"https:\/\/api.w.org\/{rel}","templated":true}]}}