{"id":138256,"date":"2022-04-11T12:03:59","date_gmt":"2024-11-23T13:45:20","guid":{"rendered":"https:\/\/kingarms.ee\/product\/dekoratyvine-katana-su-stendo-nuzudyk-bill3\/"},"modified":"2024-11-23T16:45:20","modified_gmt":"2024-11-23T13:45:20","slug":"dekoratyvine-katana-sustabdymas-aukstas-bill3","status":"publish","type":"product","link":"https:\/\/kingarms.ee\/lt\/product\/dekoratyvine-katana-sustabdymas-aukstas-bill3\/","title":{"rendered":"Dekoratyvin\u0117 katana su stendo nu\u017eudyk Bill3"},"content":{"rendered":"","protected":false},"excerpt":{"rendered":"<p>Dekoratyvin\u0117 katana su stendo nu\u017eudyk Bill3<\/p>\n<p>Dekoratyvin\u0117 katana \u201eBuddas\u201c<br \/>\n\u201eKatana\u201c pateik\u0117 Katana i\u0161 \u201eKill Bill Movie\u201c<br \/>\nBendras Lenght 1040 mm<br \/>\nLenght Blade 680mm su u\u017era\u0161o gravi\u016bra<br \/>\nMedinis juodas dangtelis su gravi\u016bra<br \/>\nMetalinis tsuba<br \/>\nMedin\u0117 Tsuka<br \/>\nPridedamas medinis stalo stendas<\/p>\n","protected":false},"featured_media":116360,"template":"","meta":{"_acf_changed":false},"product_brand":[],"product_cat":[1271],"product_tag":[],"class_list":{"0":"post-138256","1":"product","2":"type-product","3":"status-publish","4":"has-post-thumbnail","6":"product_cat-katana-tanto-lt","8":"first","9":"onbackorder","10":"taxable","11":"shipping-taxable","12":"product-type-simple"},"acf":[],"_links":{"self":[{"href":"https:\/\/kingarms.ee\/lt\/wp-json\/wp\/v2\/product\/138256","targetHints":{"allow":["GET"]}}],"collection":[{"href":"https:\/\/kingarms.ee\/lt\/wp-json\/wp\/v2\/product"}],"about":[{"href":"https:\/\/kingarms.ee\/lt\/wp-json\/wp\/v2\/types\/product"}],"wp:featuredmedia":[{"embeddable":true,"href":"https:\/\/kingarms.ee\/lt\/wp-json\/wp\/v2\/media\/116360"}],"wp:attachment":[{"href":"https:\/\/kingarms.ee\/lt\/wp-json\/wp\/v2\/media?parent=138256"}],"wp:term":[{"taxonomy":"product_brand","embeddable":true,"href":"https:\/\/kingarms.ee\/lt\/wp-json\/wp\/v2\/product_brand?post=138256"},{"taxonomy":"product_cat","embeddable":true,"href":"https:\/\/kingarms.ee\/lt\/wp-json\/wp\/v2\/product_cat?post=138256"},{"taxonomy":"product_tag","embeddable":true,"href":"https:\/\/kingarms.ee\/lt\/wp-json\/wp\/v2\/product_tag?post=138256"}],"curies":[{"name":"wp","href":"https:\/\/api.w.org\/{rel}","templated":true}]}}