{"id":138258,"date":"2023-06-26T17:03:10","date_gmt":"2024-11-23T14:05:57","guid":{"rendered":"https:\/\/kingarms.ee\/product\/ruike-hussar-p121-b\/"},"modified":"2024-11-23T17:05:57","modified_gmt":"2024-11-23T14:05:57","slug":"ruike-hussar-p121-b","status":"publish","type":"product","link":"https:\/\/kingarms.ee\/lt\/product\/ruike-hussar-p121-b\/","title":{"rendered":"RUIKE HUSSAR P121-B"},"content":{"rendered":"<p><img loading=\"lazy\" decoding=\"async\" class=\"alignnone size-medium wp-image-79344\" src=\"https:\/\/kingarms.ee\/wp-content\/uploads\/2023\/06\/title-1-300x300.jpg\" alt=\"\" width=\"300\" height=\"300\" srcset=\"https:\/\/kingarms.ee\/wp-content\/uploads\/2023\/06\/title-1-300x300.jpg 300w, https:\/\/kingarms.ee\/wp-content\/uploads\/2023\/06\/title-1-150x150.jpg 150w, https:\/\/kingarms.ee\/wp-content\/uploads\/2023\/06\/title-1-768x768.jpg 768w, https:\/\/kingarms.ee\/wp-content\/uploads\/2023\/06\/title-1-500x500.jpg 500w, https:\/\/kingarms.ee\/wp-content\/uploads\/2023\/06\/title-1.jpg 850w\" sizes=\"auto, (max-width: 300px) 100vw, 300px\" \/><\/p>\n","protected":false},"excerpt":{"rendered":"<p>\u201eRUIKE HUSSAR P121-B\u201c YRA VIENAS POPULIAUSI\u0173 IR GeriAISAI PARDUODAM\u0173 D\u0117L SAVO Universalumo IR kompromisiniai Kokyb\u0117s. Thai Ypa\u010d Patogog, Liekna Ilgo Peilio in Peili. Ashmenys yra pagati ich &#8220;Sandvik 14c28n&#8221; Plieno ir yra balandiMiniu rutulio rutulio guoliu ichi ich varya. \u201eRankena Naudojama KAIP\u201c anti -lip G10 Kompozitas Bulv\u0117s J\u016bs\u0173 420 Nerudijan\u010dio Plieno. \u201eGalima    <\/p>\n","protected":false},"featured_media":132758,"template":"","meta":{"_acf_changed":false},"product_brand":[],"product_cat":[1259],"product_tag":[],"class_list":{"0":"post-138258","1":"product","2":"type-product","3":"status-publish","4":"has-post-thumbnail","6":"product_cat-peiliai","8":"first","9":"onbackorder","10":"taxable","11":"shipping-taxable","12":"product-type-simple"},"acf":[],"_links":{"self":[{"href":"https:\/\/kingarms.ee\/lt\/wp-json\/wp\/v2\/product\/138258","targetHints":{"allow":["GET"]}}],"collection":[{"href":"https:\/\/kingarms.ee\/lt\/wp-json\/wp\/v2\/product"}],"about":[{"href":"https:\/\/kingarms.ee\/lt\/wp-json\/wp\/v2\/types\/product"}],"wp:featuredmedia":[{"embeddable":true,"href":"https:\/\/kingarms.ee\/lt\/wp-json\/wp\/v2\/media\/132758"}],"wp:attachment":[{"href":"https:\/\/kingarms.ee\/lt\/wp-json\/wp\/v2\/media?parent=138258"}],"wp:term":[{"taxonomy":"product_brand","embeddable":true,"href":"https:\/\/kingarms.ee\/lt\/wp-json\/wp\/v2\/product_brand?post=138258"},{"taxonomy":"product_cat","embeddable":true,"href":"https:\/\/kingarms.ee\/lt\/wp-json\/wp\/v2\/product_cat?post=138258"},{"taxonomy":"product_tag","embeddable":true,"href":"https:\/\/kingarms.ee\/lt\/wp-json\/wp\/v2\/product_tag?post=138258"}],"curies":[{"name":"wp","href":"https:\/\/api.w.org\/{rel}","templated":true}]}}