{"id":138275,"date":"2022-02-15T19:14:51","date_gmt":"2024-11-25T08:42:46","guid":{"rendered":"https:\/\/kingarms.ee\/product\/gopro-fotoaparato-priedas-prie-salmo\/"},"modified":"2024-11-25T11:42:46","modified_gmt":"2024-11-25T08:42:46","slug":"gopro-camera-patvirtinimo-helmetas","status":"publish","type":"product","link":"https:\/\/kingarms.ee\/lt\/product\/gopro-camera-patvirtinimo-helmetas\/","title":{"rendered":"\u201eGoPro\u201c fotoaparato priedas prie \u0161almo"},"content":{"rendered":"<p><img loading=\"lazy\" decoding=\"async\" class=\"alignnone size-medium wp-image-37011\" src=\"https:\/\/kingarms.ee\/wp-content\/uploads\/2022\/02\/1152218453_1-300x200.jpeg\" alt=\"\" width=\"300\" height=\"200\" srcset=\"https:\/\/kingarms.ee\/wp-content\/uploads\/2022\/02\/1152218453_1-300x200.jpeg 300w, https:\/\/kingarms.ee\/wp-content\/uploads\/2022\/02\/1152218453_1-768x512.jpeg 768w, https:\/\/kingarms.ee\/wp-content\/uploads\/2022\/02\/1152218453_1-500x333.jpeg 500w, https:\/\/kingarms.ee\/wp-content\/uploads\/2022\/02\/1152218453_1-150x100.jpeg 150w, https:\/\/kingarms.ee\/wp-content\/uploads\/2022\/02\/1152218453_1.jpeg 800w\" sizes=\"auto, (max-width: 300px) 100vw, 300px\" \/><\/p>\n","protected":false},"excerpt":{"rendered":"<p>\u201eGoPro\u201c fotoaparato priedas prie \u0161almo<\/p>\n<p>Sporto kamer\u0173 plastikinis tvirtinimas tur\u0117t\u0173 b\u016bti dedamas \u012f special\u0173 \u0161alm\u0173 priekyje esan\u010di\u0105 viet\u0105.<\/p>\n<p>Gamintojas: \u201eUltimate Tactical\u201c<\/p>\n","protected":false},"featured_media":115345,"template":"","meta":{"_acf_changed":false},"product_brand":[],"product_cat":[1216,1217],"product_tag":[],"class_list":{"0":"post-138275","1":"product","2":"type-product","3":"status-publish","4":"has-post-thumbnail","6":"product_cat-salmai","7":"product_cat-salmo-laikikliai","9":"first","10":"onbackorder","11":"taxable","12":"shipping-taxable","13":"product-type-simple"},"acf":[],"_links":{"self":[{"href":"https:\/\/kingarms.ee\/lt\/wp-json\/wp\/v2\/product\/138275","targetHints":{"allow":["GET"]}}],"collection":[{"href":"https:\/\/kingarms.ee\/lt\/wp-json\/wp\/v2\/product"}],"about":[{"href":"https:\/\/kingarms.ee\/lt\/wp-json\/wp\/v2\/types\/product"}],"wp:featuredmedia":[{"embeddable":true,"href":"https:\/\/kingarms.ee\/lt\/wp-json\/wp\/v2\/media\/115345"}],"wp:attachment":[{"href":"https:\/\/kingarms.ee\/lt\/wp-json\/wp\/v2\/media?parent=138275"}],"wp:term":[{"taxonomy":"product_brand","embeddable":true,"href":"https:\/\/kingarms.ee\/lt\/wp-json\/wp\/v2\/product_brand?post=138275"},{"taxonomy":"product_cat","embeddable":true,"href":"https:\/\/kingarms.ee\/lt\/wp-json\/wp\/v2\/product_cat?post=138275"},{"taxonomy":"product_tag","embeddable":true,"href":"https:\/\/kingarms.ee\/lt\/wp-json\/wp\/v2\/product_tag?post=138275"}],"curies":[{"name":"wp","href":"https:\/\/api.w.org\/{rel}","templated":true}]}}