{"id":138306,"date":"2022-01-15T14:23:43","date_gmt":"2024-11-25T12:37:07","guid":{"rendered":"https:\/\/kingarms.ee\/product\/cz-75d-kompaktiskas-bakuur-amomax\/"},"modified":"2024-11-25T15:37:07","modified_gmt":"2024-11-25T12:37:07","slug":"cz-75dcpact-bakuur-momax","status":"publish","type":"product","link":"https:\/\/kingarms.ee\/lt\/product\/cz-75dcpact-bakuur-momax\/","title":{"rendered":"CZ 75D kompakti\u0161kas bakuur (amomax)"},"content":{"rendered":"<p><img loading=\"lazy\" decoding=\"async\" class=\"alignnone size-medium wp-image-34813\" src=\"https:\/\/kingarms.ee\/wp-content\/uploads\/2022\/01\/caza-airsoft-AMT247G2-300x179.jpeg\" alt=\"\" width=\"300\" height=\"179\" srcset=\"https:\/\/kingarms.ee\/wp-content\/uploads\/2022\/01\/caza-airsoft-AMT247G2-300x179.jpeg 300w, https:\/\/kingarms.ee\/wp-content\/uploads\/2022\/01\/caza-airsoft-AMT247G2-150x89.jpeg 150w, https:\/\/kingarms.ee\/wp-content\/uploads\/2022\/01\/caza-airsoft-AMT247G2-500x298.jpeg 500w, https:\/\/kingarms.ee\/wp-content\/uploads\/2022\/01\/caza-airsoft-AMT247G2-1024x611.jpeg 1024w, https:\/\/kingarms.ee\/wp-content\/uploads\/2022\/01\/caza-airsoft-AMT247G2-768x458.jpeg 768w, https:\/\/kingarms.ee\/wp-content\/uploads\/2022\/01\/caza-airsoft-AMT247G2.jpeg 1100w\" sizes=\"auto, (max-width: 300px) 100vw, 300px\" \/><\/p>\n","protected":false},"excerpt":{"rendered":"<p>\u201eAmomax\u201c tinka CZ 75D pistoletams, gamintojo \u201eAmomax\u201c plastikiniams kop\u016bstams. \u201eKabuur\u201c turi mygtuk\u0105 su mygtuku. Pritvirtintas prie dir\u017eo ar dir\u017eo. \u201eKabuur\u201c galima sureguliuoti taip, kaip pageidaujama, ir 360* pasuktas.<\/p>\n","protected":false},"featured_media":114828,"template":"","meta":{"_acf_changed":false},"product_brand":[],"product_cat":[1163],"product_tag":[],"class_list":{"0":"post-138306","1":"product","2":"type-product","3":"status-publish","4":"has-post-thumbnail","6":"product_cat-kabur","8":"first","9":"instock","10":"taxable","11":"shipping-taxable","12":"purchasable","13":"product-type-simple"},"acf":[],"_links":{"self":[{"href":"https:\/\/kingarms.ee\/lt\/wp-json\/wp\/v2\/product\/138306","targetHints":{"allow":["GET"]}}],"collection":[{"href":"https:\/\/kingarms.ee\/lt\/wp-json\/wp\/v2\/product"}],"about":[{"href":"https:\/\/kingarms.ee\/lt\/wp-json\/wp\/v2\/types\/product"}],"wp:featuredmedia":[{"embeddable":true,"href":"https:\/\/kingarms.ee\/lt\/wp-json\/wp\/v2\/media\/114828"}],"wp:attachment":[{"href":"https:\/\/kingarms.ee\/lt\/wp-json\/wp\/v2\/media?parent=138306"}],"wp:term":[{"taxonomy":"product_brand","embeddable":true,"href":"https:\/\/kingarms.ee\/lt\/wp-json\/wp\/v2\/product_brand?post=138306"},{"taxonomy":"product_cat","embeddable":true,"href":"https:\/\/kingarms.ee\/lt\/wp-json\/wp\/v2\/product_cat?post=138306"},{"taxonomy":"product_tag","embeddable":true,"href":"https:\/\/kingarms.ee\/lt\/wp-json\/wp\/v2\/product_tag?post=138306"}],"curies":[{"name":"wp","href":"https:\/\/api.w.org\/{rel}","templated":true}]}}