{"id":138307,"date":"2022-01-15T14:21:55","date_gmt":"2024-11-25T12:39:47","guid":{"rendered":"https:\/\/kingarms.ee\/product\/glock-42-kabuur-amomax\/"},"modified":"2024-11-25T15:39:47","modified_gmt":"2024-11-25T12:39:47","slug":"glock-42-caban-aamomax","status":"publish","type":"product","link":"https:\/\/kingarms.ee\/lt\/product\/glock-42-caban-aamomax\/","title":{"rendered":"\u201eGlock 42 Kabuur\u201c (\u201eAmomax\u201c)"},"content":{"rendered":"<p><img loading=\"lazy\" decoding=\"async\" class=\"alignnone size-medium wp-image-34805\" src=\"https:\/\/kingarms.ee\/wp-content\/uploads\/2022\/01\/Amomax-Paddle-Holster-for-Glock-42-1-300x200.jpeg\" alt=\"\" width=\"300\" height=\"200\" srcset=\"https:\/\/kingarms.ee\/wp-content\/uploads\/2022\/01\/Amomax-Paddle-Holster-for-Glock-42-1-300x200.jpeg 300w, https:\/\/kingarms.ee\/wp-content\/uploads\/2022\/01\/Amomax-Paddle-Holster-for-Glock-42-1-150x100.jpeg 150w, https:\/\/kingarms.ee\/wp-content\/uploads\/2022\/01\/Amomax-Paddle-Holster-for-Glock-42-1-500x333.jpeg 500w, https:\/\/kingarms.ee\/wp-content\/uploads\/2022\/01\/Amomax-Paddle-Holster-for-Glock-42-1-1024x683.jpeg 1024w, https:\/\/kingarms.ee\/wp-content\/uploads\/2022\/01\/Amomax-Paddle-Holster-for-Glock-42-1-768x512.jpeg 768w, https:\/\/kingarms.ee\/wp-content\/uploads\/2022\/01\/Amomax-Paddle-Holster-for-Glock-42-1.jpeg 1200w\" sizes=\"auto, (max-width: 300px) 100vw, 300px\" \/><\/p>\n","protected":false},"excerpt":{"rendered":"<p>\u201eGlock 42 Kabuur\u201c (\u201eAmomax\u201c) yra tinkamas \u201eGlock 42\u201c pistoletams, gamintojo \u201eAmomax\u201c plastikiniams kop\u016bstams. \u201eKabuur\u201c turi mygtuk\u0105 su mygtuku. Pritvirtintas prie dir\u017eo ar dir\u017eo. \u201eKabuur\u201c galima sureguliuoti taip, kaip pageidaujama, ir 360* pasuktas.<\/p>\n","protected":false},"featured_media":114826,"template":"","meta":{"_acf_changed":false},"product_brand":[],"product_cat":[1163],"product_tag":[],"class_list":{"0":"post-138307","1":"product","2":"type-product","3":"status-publish","4":"has-post-thumbnail","6":"product_cat-kabur","8":"first","9":"instock","10":"taxable","11":"shipping-taxable","12":"purchasable","13":"product-type-simple"},"acf":[],"_links":{"self":[{"href":"https:\/\/kingarms.ee\/lt\/wp-json\/wp\/v2\/product\/138307","targetHints":{"allow":["GET"]}}],"collection":[{"href":"https:\/\/kingarms.ee\/lt\/wp-json\/wp\/v2\/product"}],"about":[{"href":"https:\/\/kingarms.ee\/lt\/wp-json\/wp\/v2\/types\/product"}],"wp:featuredmedia":[{"embeddable":true,"href":"https:\/\/kingarms.ee\/lt\/wp-json\/wp\/v2\/media\/114826"}],"wp:attachment":[{"href":"https:\/\/kingarms.ee\/lt\/wp-json\/wp\/v2\/media?parent=138307"}],"wp:term":[{"taxonomy":"product_brand","embeddable":true,"href":"https:\/\/kingarms.ee\/lt\/wp-json\/wp\/v2\/product_brand?post=138307"},{"taxonomy":"product_cat","embeddable":true,"href":"https:\/\/kingarms.ee\/lt\/wp-json\/wp\/v2\/product_cat?post=138307"},{"taxonomy":"product_tag","embeddable":true,"href":"https:\/\/kingarms.ee\/lt\/wp-json\/wp\/v2\/product_tag?post=138307"}],"curies":[{"name":"wp","href":"https:\/\/api.w.org\/{rel}","templated":true}]}}