{"id":138315,"date":"2021-12-03T18:00:17","date_gmt":"2024-11-25T14:45:18","guid":{"rendered":"https:\/\/kingarms.ee\/product\/greitas-ikroviklis-45-mm-100bbs-gfc\/"},"modified":"2024-11-25T17:45:18","modified_gmt":"2024-11-25T14:45:18","slug":"greitas-ikroviklis-45mm-100bbbs-gfc","status":"publish","type":"product","link":"https:\/\/kingarms.ee\/lt\/product\/greitas-ikroviklis-45mm-100bbbs-gfc\/","title":{"rendered":"Greitas \u012fkroviklis 4,5 mm \/ 100bbs (GFC)"},"content":{"rendered":"<p><img loading=\"lazy\" decoding=\"async\" class=\"alignnone size-medium wp-image-33411\" src=\"https:\/\/kingarms.ee\/wp-content\/uploads\/2021\/12\/1152226567_1-300x200.jpeg\" alt=\"\" width=\"300\" height=\"200\" srcset=\"https:\/\/kingarms.ee\/wp-content\/uploads\/2021\/12\/1152226567_1-300x200.jpeg 300w, https:\/\/kingarms.ee\/wp-content\/uploads\/2021\/12\/1152226567_1-150x100.jpeg 150w, https:\/\/kingarms.ee\/wp-content\/uploads\/2021\/12\/1152226567_1-500x333.jpeg 500w, https:\/\/kingarms.ee\/wp-content\/uploads\/2021\/12\/1152226567_1-1024x682.jpeg 1024w, https:\/\/kingarms.ee\/wp-content\/uploads\/2021\/12\/1152226567_1-768x512.jpeg 768w, https:\/\/kingarms.ee\/wp-content\/uploads\/2021\/12\/1152226567_1-1536x1024.jpeg 1536w, https:\/\/kingarms.ee\/wp-content\/uploads\/2021\/12\/1152226567_1.jpeg 2000w\" sizes=\"auto, (max-width: 300px) 100vw, 300px\" \/><\/p>\n","protected":false},"excerpt":{"rendered":"<p>\u201eSpeedBoarder\u201c yra skirtas \u012fkrauti 4,5 mm kalibro oro pistoletus. Tiekiama su 4 kei\u010diamais galais, kad b\u016bt\u0173 galima pakrauti \u012fvairi\u0173 tip\u0173 oro pistoletai. <\/p>\n","protected":false},"featured_media":114366,"template":"","meta":{"_acf_changed":false},"product_brand":[],"product_cat":[1200],"product_tag":[],"class_list":{"0":"post-138315","1":"product","2":"type-product","3":"status-publish","4":"has-post-thumbnail","6":"product_cat-oro-ginklai-lt","8":"first","9":"instock","10":"taxable","11":"shipping-taxable","12":"purchasable","13":"product-type-simple"},"acf":[],"_links":{"self":[{"href":"https:\/\/kingarms.ee\/lt\/wp-json\/wp\/v2\/product\/138315","targetHints":{"allow":["GET"]}}],"collection":[{"href":"https:\/\/kingarms.ee\/lt\/wp-json\/wp\/v2\/product"}],"about":[{"href":"https:\/\/kingarms.ee\/lt\/wp-json\/wp\/v2\/types\/product"}],"wp:featuredmedia":[{"embeddable":true,"href":"https:\/\/kingarms.ee\/lt\/wp-json\/wp\/v2\/media\/114366"}],"wp:attachment":[{"href":"https:\/\/kingarms.ee\/lt\/wp-json\/wp\/v2\/media?parent=138315"}],"wp:term":[{"taxonomy":"product_brand","embeddable":true,"href":"https:\/\/kingarms.ee\/lt\/wp-json\/wp\/v2\/product_brand?post=138315"},{"taxonomy":"product_cat","embeddable":true,"href":"https:\/\/kingarms.ee\/lt\/wp-json\/wp\/v2\/product_cat?post=138315"},{"taxonomy":"product_tag","embeddable":true,"href":"https:\/\/kingarms.ee\/lt\/wp-json\/wp\/v2\/product_tag?post=138315"}],"curies":[{"name":"wp","href":"https:\/\/api.w.org\/{rel}","templated":true}]}}