{"id":138319,"date":"2021-07-03T15:40:40","date_gmt":"2024-11-25T15:48:02","guid":{"rendered":"https:\/\/kingarms.ee\/product\/rankinio-ginklo-deklo-kisene-aor\/"},"modified":"2024-11-25T18:48:02","modified_gmt":"2024-11-25T15:48:02","slug":"cadelar-salveta-aor","status":"publish","type":"product","link":"https:\/\/kingarms.ee\/lt\/product\/cadelar-salveta-aor\/","title":{"rendered":"Rankinio ginklo d\u0117klo ki\u0161en\u0117 &#8211; AOR"},"content":{"rendered":"<p><img loading=\"lazy\" decoding=\"async\" class=\"alignnone size-medium wp-image-32383\" src=\"https:\/\/kingarms.ee\/wp-content\/uploads\/2021\/07\/1152219715_1-300x200.jpg\" alt=\"\" width=\"300\" height=\"200\" srcset=\"https:\/\/kingarms.ee\/wp-content\/uploads\/2021\/07\/1152219715_1-300x200.jpg 300w, https:\/\/kingarms.ee\/wp-content\/uploads\/2021\/07\/1152219715_1-150x100.jpg 150w, https:\/\/kingarms.ee\/wp-content\/uploads\/2021\/07\/1152219715_1-500x333.jpg 500w, https:\/\/kingarms.ee\/wp-content\/uploads\/2021\/07\/1152219715_1-768x512.jpg 768w, https:\/\/kingarms.ee\/wp-content\/uploads\/2021\/07\/1152219715_1.jpg 800w\" sizes=\"auto, (max-width: 300px) 100vw, 300px\" \/><\/p>\n","protected":false},"excerpt":{"rendered":"<p>Rankinio ginklo d\u0117klo ki\u0161en\u0117 &#8211; AOR<\/p>\n<p>Rankini\u0173 ginkl\u0173 d\u0117kl\u0173 ki\u0161en\u0117s (\u012fskaitant 2 vnt)<\/p>\n","protected":false},"featured_media":114130,"template":"","meta":{"_acf_changed":false},"product_brand":[],"product_cat":[1240,1242],"product_tag":[],"class_list":{"0":"post-138319","1":"product","2":"type-product","3":"status-publish","4":"has-post-thumbnail","6":"product_cat-maiseliai-krepsiai-ir-dirzeliai","7":"product_cat-sandeliavimo-kisenes","9":"first","10":"onbackorder","11":"taxable","12":"shipping-taxable","13":"product-type-simple"},"acf":[],"_links":{"self":[{"href":"https:\/\/kingarms.ee\/lt\/wp-json\/wp\/v2\/product\/138319","targetHints":{"allow":["GET"]}}],"collection":[{"href":"https:\/\/kingarms.ee\/lt\/wp-json\/wp\/v2\/product"}],"about":[{"href":"https:\/\/kingarms.ee\/lt\/wp-json\/wp\/v2\/types\/product"}],"wp:featuredmedia":[{"embeddable":true,"href":"https:\/\/kingarms.ee\/lt\/wp-json\/wp\/v2\/media\/114130"}],"wp:attachment":[{"href":"https:\/\/kingarms.ee\/lt\/wp-json\/wp\/v2\/media?parent=138319"}],"wp:term":[{"taxonomy":"product_brand","embeddable":true,"href":"https:\/\/kingarms.ee\/lt\/wp-json\/wp\/v2\/product_brand?post=138319"},{"taxonomy":"product_cat","embeddable":true,"href":"https:\/\/kingarms.ee\/lt\/wp-json\/wp\/v2\/product_cat?post=138319"},{"taxonomy":"product_tag","embeddable":true,"href":"https:\/\/kingarms.ee\/lt\/wp-json\/wp\/v2\/product_tag?post=138319"}],"curies":[{"name":"wp","href":"https:\/\/api.w.org\/{rel}","templated":true}]}}