{"id":138320,"date":"2021-04-17T13:55:55","date_gmt":"2024-11-25T15:59:20","guid":{"rendered":"https:\/\/kingarms.ee\/product\/maza-raudona-deme-js-taktine\/"},"modified":"2024-11-25T18:59:20","modified_gmt":"2024-11-25T15:59:20","slug":"numatytosios-raudonos-spalvos-caps-js-taktinis","status":"publish","type":"product","link":"https:\/\/kingarms.ee\/lt\/product\/numatytosios-raudonos-spalvos-caps-js-taktinis\/","title":{"rendered":"Ma\u017ea raudona d\u0117m\u0117 (JS-taktin\u0117)"},"content":{"rendered":"<p><img loading=\"lazy\" decoding=\"async\" class=\"alignnone size-medium wp-image-32047\" src=\"https:\/\/kingarms.ee\/wp-content\/uploads\/2021\/04\/js-tactical-mini-red-dot-black-js-hd107-300x300.jpg\" alt=\"\" width=\"300\" height=\"300\" srcset=\"https:\/\/kingarms.ee\/wp-content\/uploads\/2021\/04\/js-tactical-mini-red-dot-black-js-hd107-300x300.jpg 300w, https:\/\/kingarms.ee\/wp-content\/uploads\/2021\/04\/js-tactical-mini-red-dot-black-js-hd107-150x150.jpg 150w, https:\/\/kingarms.ee\/wp-content\/uploads\/2021\/04\/js-tactical-mini-red-dot-black-js-hd107-500x500.jpg 500w, https:\/\/kingarms.ee\/wp-content\/uploads\/2021\/04\/js-tactical-mini-red-dot-black-js-hd107.jpg 600w\" sizes=\"auto, (max-width: 300px) 100vw, 300px\" \/><\/p>\n","protected":false},"excerpt":{"rendered":"<p>Ma\u017ea raudona d\u0117m\u0117 (JS-taktin\u0117)<br \/>\nMini raudona<br \/>\nVisas metalas<br \/>\nRaudonas arba \u017ealias ta\u0161kas<br \/>\nReguliuojamas v\u0117jas ir auk\u0161tis<br \/>\nPrisiri\u0161imas<br \/>\nIlgis 45 mm<br \/>\nBaigiasi integruotu vir\u0161eliu<br \/>\n1 baterija CR2032<br \/>\nJuodas<\/p>\n","protected":false},"featured_media":114078,"template":"","meta":{"_acf_changed":false},"product_brand":[],"product_cat":[1205],"product_tag":[],"class_list":{"0":"post-138320","1":"product","2":"type-product","3":"status-publish","4":"has-post-thumbnail","6":"product_cat-vaizdai-lt","8":"first","9":"instock","10":"taxable","11":"shipping-taxable","12":"purchasable","13":"product-type-simple"},"acf":[],"_links":{"self":[{"href":"https:\/\/kingarms.ee\/lt\/wp-json\/wp\/v2\/product\/138320","targetHints":{"allow":["GET"]}}],"collection":[{"href":"https:\/\/kingarms.ee\/lt\/wp-json\/wp\/v2\/product"}],"about":[{"href":"https:\/\/kingarms.ee\/lt\/wp-json\/wp\/v2\/types\/product"}],"wp:featuredmedia":[{"embeddable":true,"href":"https:\/\/kingarms.ee\/lt\/wp-json\/wp\/v2\/media\/114078"}],"wp:attachment":[{"href":"https:\/\/kingarms.ee\/lt\/wp-json\/wp\/v2\/media?parent=138320"}],"wp:term":[{"taxonomy":"product_brand","embeddable":true,"href":"https:\/\/kingarms.ee\/lt\/wp-json\/wp\/v2\/product_brand?post=138320"},{"taxonomy":"product_cat","embeddable":true,"href":"https:\/\/kingarms.ee\/lt\/wp-json\/wp\/v2\/product_cat?post=138320"},{"taxonomy":"product_tag","embeddable":true,"href":"https:\/\/kingarms.ee\/lt\/wp-json\/wp\/v2\/product_tag?post=138320"}],"curies":[{"name":"wp","href":"https:\/\/api.w.org\/{rel}","templated":true}]}}