{"id":138325,"date":"2020-07-22T17:05:18","date_gmt":"2024-11-27T09:22:02","guid":{"rendered":"https:\/\/kingarms.ee\/product\/ginklu-krepsys-royal-88cm-multicam\/"},"modified":"2024-11-27T12:22:02","modified_gmt":"2024-11-27T09:22:02","slug":"ginklu-krepsys-88cm-multicam","status":"publish","type":"product","link":"https:\/\/kingarms.ee\/lt\/product\/ginklu-krepsys-88cm-multicam\/","title":{"rendered":"Ginkl\u0173 krep\u0161ys \u201eRoyal 88cm\u201c (\u201eMultiCam\u201c)"},"content":{"rendered":"<p><a href=\"https:\/\/kingarms.ee\/wp-content\/uploads\/2020\/07\/royal-gun-bag-88cm-multicam-b100mul-300x300.jpg\"><img loading=\"lazy\" decoding=\"async\" class=\"alignnone size-medium wp-image-30747\" src=\"https:\/\/kingarms.ee\/wp-content\/uploads\/2020\/07\/royal-gun-bag-88cm-multicam-b100mul-300x300.jpg\" alt=\"\" width=\"300\" height=\"300\" srcset=\"https:\/\/kingarms.ee\/wp-content\/uploads\/2020\/07\/royal-gun-bag-88cm-multicam-b100mul-300x300.jpg 300w, https:\/\/kingarms.ee\/wp-content\/uploads\/2020\/07\/royal-gun-bag-88cm-multicam-b100mul-150x150.jpg 150w, https:\/\/kingarms.ee\/wp-content\/uploads\/2020\/07\/royal-gun-bag-88cm-multicam-b100mul-500x500.jpg 500w, https:\/\/kingarms.ee\/wp-content\/uploads\/2020\/07\/royal-gun-bag-88cm-multicam-b100mul-768x768.jpg 768w, https:\/\/kingarms.ee\/wp-content\/uploads\/2020\/07\/royal-gun-bag-88cm-multicam-b100mul.jpg 1000w\" sizes=\"auto, (max-width: 300px) 100vw, 300px\" \/><\/a><\/p>\n","protected":false},"excerpt":{"rendered":"<p>Ginkl\u0173 krep\u0161ys su 88 cm dyd\u017eiu su ki\u0161en\u0117mis.<\/p>\n","protected":false},"featured_media":113857,"template":"","meta":{"_acf_changed":false},"product_brand":[],"product_cat":[1197,1245,1240],"product_tag":[],"class_list":{"0":"post-138325","1":"product","2":"type-product","3":"status-publish","4":"has-post-thumbnail","6":"product_cat-maisai","7":"product_cat-maisai-lt","8":"product_cat-maiseliai-krepsiai-ir-dirzeliai","10":"first","11":"instock","12":"taxable","13":"shipping-taxable","14":"purchasable","15":"product-type-simple"},"acf":[],"_links":{"self":[{"href":"https:\/\/kingarms.ee\/lt\/wp-json\/wp\/v2\/product\/138325","targetHints":{"allow":["GET"]}}],"collection":[{"href":"https:\/\/kingarms.ee\/lt\/wp-json\/wp\/v2\/product"}],"about":[{"href":"https:\/\/kingarms.ee\/lt\/wp-json\/wp\/v2\/types\/product"}],"wp:featuredmedia":[{"embeddable":true,"href":"https:\/\/kingarms.ee\/lt\/wp-json\/wp\/v2\/media\/113857"}],"wp:attachment":[{"href":"https:\/\/kingarms.ee\/lt\/wp-json\/wp\/v2\/media?parent=138325"}],"wp:term":[{"taxonomy":"product_brand","embeddable":true,"href":"https:\/\/kingarms.ee\/lt\/wp-json\/wp\/v2\/product_brand?post=138325"},{"taxonomy":"product_cat","embeddable":true,"href":"https:\/\/kingarms.ee\/lt\/wp-json\/wp\/v2\/product_cat?post=138325"},{"taxonomy":"product_tag","embeddable":true,"href":"https:\/\/kingarms.ee\/lt\/wp-json\/wp\/v2\/product_tag?post=138325"}],"curies":[{"name":"wp","href":"https:\/\/api.w.org\/{rel}","templated":true}]}}