{"id":140388,"date":"2024-12-06T16:40:00","date_gmt":"2024-12-06T16:07:54","guid":{"rendered":"https:\/\/kingarms.ee\/product\/dekoratyvinis-kardas-zs552-2\/"},"modified":"2024-12-06T19:07:54","modified_gmt":"2024-12-06T16:07:54","slug":"dekoratyvinis-sword-zs552-2","status":"publish","type":"product","link":"https:\/\/kingarms.ee\/lt\/product\/dekoratyvinis-sword-zs552-2\/","title":{"rendered":"Dekoratyvinis kardas (ZS552-2)"},"content":{"rendered":"<p>Dekoratyvinis kardas (ZS552-2)<\/p>\n<p>Dekoratyvinis kardas<br \/>\n\u012ekv\u0117ptas Sabre Lily \u201eExcalibur Sword\u201c<br \/>\nLikimo serija<br \/>\nPlieninis a\u0161menys<br \/>\nMedin\u0117 rankena<br \/>\nMetalin\u0117 apsauga<br \/>\nA\u0161men\u0173 ilgis 765 mm<br \/>\nBendras ilgis 1035 mm (1135 mm su \u0161a\u0161lyku)<br \/>\nSvoris 1420G (1910G su Scabbard)<\/p>\n<p>Nery\u0161kus ir nepamir\u0161tas a\u0161menys, tik dekoratyviniams tikslams<\/p>\n","protected":false},"excerpt":{"rendered":"<p>Dekoratyvinis kardas (ZS552-2) Dekoratyvinis kardas \u012ekv\u0117ptas Sabre Lily \u201eExcalibur Sword\u201c Likimo serija Plieninis a\u0161menys Medin\u0117 rankena Metalin\u0117 apsauga A\u0161men\u0173 ilgis<\/p>\n","protected":false},"featured_media":139405,"template":"","meta":{"_acf_changed":false},"product_brand":[],"product_cat":[1312,1247],"product_tag":[],"class_list":{"0":"post-140388","1":"product","2":"type-product","3":"status-publish","4":"has-post-thumbnail","6":"product_cat-kardai","7":"product_cat-kita","9":"first","10":"instock","11":"purchasable","12":"product-type-simple"},"acf":[],"_links":{"self":[{"href":"https:\/\/kingarms.ee\/lt\/wp-json\/wp\/v2\/product\/140388","targetHints":{"allow":["GET"]}}],"collection":[{"href":"https:\/\/kingarms.ee\/lt\/wp-json\/wp\/v2\/product"}],"about":[{"href":"https:\/\/kingarms.ee\/lt\/wp-json\/wp\/v2\/types\/product"}],"wp:featuredmedia":[{"embeddable":true,"href":"https:\/\/kingarms.ee\/lt\/wp-json\/wp\/v2\/media\/139405"}],"wp:attachment":[{"href":"https:\/\/kingarms.ee\/lt\/wp-json\/wp\/v2\/media?parent=140388"}],"wp:term":[{"taxonomy":"product_brand","embeddable":true,"href":"https:\/\/kingarms.ee\/lt\/wp-json\/wp\/v2\/product_brand?post=140388"},{"taxonomy":"product_cat","embeddable":true,"href":"https:\/\/kingarms.ee\/lt\/wp-json\/wp\/v2\/product_cat?post=140388"},{"taxonomy":"product_tag","embeddable":true,"href":"https:\/\/kingarms.ee\/lt\/wp-json\/wp\/v2\/product_tag?post=140388"}],"curies":[{"name":"wp","href":"https:\/\/api.w.org\/{rel}","templated":true}]}}