{"id":140415,"date":"2024-12-06T16:40:00","date_gmt":"2024-12-06T16:11:45","guid":{"rendered":"https:\/\/kingarms.ee\/product\/dekoratyvus-kardas-zs133-2\/"},"modified":"2024-12-06T19:11:45","modified_gmt":"2024-12-06T16:11:45","slug":"dekoratyvinis-sword-zs133-2","status":"publish","type":"product","link":"https:\/\/kingarms.ee\/lt\/product\/dekoratyvinis-sword-zs133-2\/","title":{"rendered":"Dekoratyvus kardas (ZS133-2)"},"content":{"rendered":"<p>Dekoratyvus kardas (ZS133-2)<\/p>\n<p>Dekoratyvinis kardas<br \/>\n\u012ekv\u0117ptas Dante mai\u0161to kardo<br \/>\n\u201eDevil May Cry\u201c serija<br \/>\nPlieninis a\u0161menys<br \/>\nMedin\u0117 rankena<br \/>\nMetalin\u0117 apsauga ir ranken\u0117l\u0117<br \/>\nPridedamas medinis sienos stovas<br \/>\nA\u0161men\u0173 ilgis 930 mm<br \/>\nBendras ilgis 1370 mm<br \/>\nSvoris 2450 g<\/p>\n<p>Nery\u0161kus ir nepamir\u0161tas a\u0161menys, tik dekoratyviniams tikslams<\/p>\n","protected":false},"excerpt":{"rendered":"<p>Dekoratyvus kardas (ZS133-2) Dekoratyvinis kardas \u012ekv\u0117ptas Dante mai\u0161to kardo \u201eDevil May Cry\u201c serija Plieninis a\u0161menys Medin\u0117 rankena Metalin\u0117 apsauga ir<\/p>\n","protected":false},"featured_media":139219,"template":"","meta":{"_acf_changed":false},"product_brand":[],"product_cat":[1312,1247],"product_tag":[],"class_list":{"0":"post-140415","1":"product","2":"type-product","3":"status-publish","4":"has-post-thumbnail","6":"product_cat-kardai","7":"product_cat-kita","9":"first","10":"instock","11":"purchasable","12":"product-type-simple"},"acf":[],"_links":{"self":[{"href":"https:\/\/kingarms.ee\/lt\/wp-json\/wp\/v2\/product\/140415","targetHints":{"allow":["GET"]}}],"collection":[{"href":"https:\/\/kingarms.ee\/lt\/wp-json\/wp\/v2\/product"}],"about":[{"href":"https:\/\/kingarms.ee\/lt\/wp-json\/wp\/v2\/types\/product"}],"wp:featuredmedia":[{"embeddable":true,"href":"https:\/\/kingarms.ee\/lt\/wp-json\/wp\/v2\/media\/139219"}],"wp:attachment":[{"href":"https:\/\/kingarms.ee\/lt\/wp-json\/wp\/v2\/media?parent=140415"}],"wp:term":[{"taxonomy":"product_brand","embeddable":true,"href":"https:\/\/kingarms.ee\/lt\/wp-json\/wp\/v2\/product_brand?post=140415"},{"taxonomy":"product_cat","embeddable":true,"href":"https:\/\/kingarms.ee\/lt\/wp-json\/wp\/v2\/product_cat?post=140415"},{"taxonomy":"product_tag","embeddable":true,"href":"https:\/\/kingarms.ee\/lt\/wp-json\/wp\/v2\/product_tag?post=140415"}],"curies":[{"name":"wp","href":"https:\/\/api.w.org\/{rel}","templated":true}]}}