{"id":140416,"date":"2024-12-06T16:40:00","date_gmt":"2024-12-06T16:11:45","guid":{"rendered":"https:\/\/kingarms.ee\/product\/dekoratyvinis-fantazijos-kardas-017b\/"},"modified":"2024-12-06T19:11:45","modified_gmt":"2024-12-06T16:11:45","slug":"dekoratyvinis-fantazijos-sword-017bs","status":"publish","type":"product","link":"https:\/\/kingarms.ee\/lt\/product\/dekoratyvinis-fantazijos-sword-017bs\/","title":{"rendered":"Dekoratyvinis fantazijos kardas (017B)"},"content":{"rendered":"<p>Dekoratyvinis fantazijos kardas (017B)<\/p>\n<p>Dekoratyvinis kardas<br \/>\n\u012ekv\u0117ptas Jacko Sparrow kalavijas, Karib\u0173 piratai<br \/>\nPlieninis a\u0161menis su gravi\u016bromis<br \/>\nVisas metalinis svirtis su apsauga<br \/>\nPlastikinis ir metalinis \u0161a\u0161as<br \/>\nA\u0161men\u0173 ilgis 560 mm<br \/>\nBendras ilgis 710 mm (780 mm su Scabbard)<br \/>\nSvoris 900 g (1190 g su \u0161a\u0161lyku)<\/p>\n<p>Ne a\u0161triau ir nery\u0161kus a\u0161menis<\/p>\n","protected":false},"excerpt":{"rendered":"<p>Dekoratyvinis fantazijos kardas (017B) Dekoratyvinis kardas \u012ekv\u0117ptas Jacko Sparrow kalavijas, Karib\u0173 piratai Plieninis a\u0161menis su gravi\u016bromis Visas metalinis svirtis su<\/p>\n","protected":false},"featured_media":140107,"template":"","meta":{"_acf_changed":false},"product_brand":[],"product_cat":[1312,1247],"product_tag":[],"class_list":{"0":"post-140416","1":"product","2":"type-product","3":"status-publish","4":"has-post-thumbnail","6":"product_cat-kardai","7":"product_cat-kita","9":"first","10":"instock","11":"purchasable","12":"product-type-simple"},"acf":[],"_links":{"self":[{"href":"https:\/\/kingarms.ee\/lt\/wp-json\/wp\/v2\/product\/140416","targetHints":{"allow":["GET"]}}],"collection":[{"href":"https:\/\/kingarms.ee\/lt\/wp-json\/wp\/v2\/product"}],"about":[{"href":"https:\/\/kingarms.ee\/lt\/wp-json\/wp\/v2\/types\/product"}],"wp:featuredmedia":[{"embeddable":true,"href":"https:\/\/kingarms.ee\/lt\/wp-json\/wp\/v2\/media\/140107"}],"wp:attachment":[{"href":"https:\/\/kingarms.ee\/lt\/wp-json\/wp\/v2\/media?parent=140416"}],"wp:term":[{"taxonomy":"product_brand","embeddable":true,"href":"https:\/\/kingarms.ee\/lt\/wp-json\/wp\/v2\/product_brand?post=140416"},{"taxonomy":"product_cat","embeddable":true,"href":"https:\/\/kingarms.ee\/lt\/wp-json\/wp\/v2\/product_cat?post=140416"},{"taxonomy":"product_tag","embeddable":true,"href":"https:\/\/kingarms.ee\/lt\/wp-json\/wp\/v2\/product_tag?post=140416"}],"curies":[{"name":"wp","href":"https:\/\/api.w.org\/{rel}","templated":true}]}}