{"id":140425,"date":"2024-12-06T16:40:00","date_gmt":"2024-12-06T16:11:48","guid":{"rendered":"https:\/\/kingarms.ee\/product\/dekoratyvines-fantazijos-durklai-047cu\/"},"modified":"2024-12-06T19:11:48","modified_gmt":"2024-12-06T16:11:48","slug":"dekoratyviniai-fantazijos-daggeriai-047cu","status":"publish","type":"product","link":"https:\/\/kingarms.ee\/lt\/product\/dekoratyviniai-fantazijos-daggeriai-047cu\/","title":{"rendered":"Dekoratyvin\u0117s fantazijos durklai (047CU)"},"content":{"rendered":"<p>Dekoratyvin\u0117s fantazijos durklai (047CU)<\/p>\n<p>Dekoratyvin\u0117s fantazijos durklai<br \/>\nI\u0161skyr\u0117 Legolaso Elven Daggers i\u0161 \u017died\u0173 valdovo<br \/>\nPlieninis a\u0161menys<br \/>\nPlastikin\u0117 pakaba su metalin\u0117mis dalimis<br \/>\nMedinis \u0161a\u0161as dengtas oda ir su metalin\u0117mis dalimis<br \/>\nMedinis sienos stovas (pridedamas montavimo var\u017etai) svoris 800 g<br \/>\nA\u0161men\u0173 ilgis 39 cm<br \/>\nBendras 57 cm ilgis (62 cm su Scabbard)<br \/>\nVieno durklo svoris 390 g (670 g su \u0161a\u0161lyku)<\/p>\n<p>Ne a\u0161tr\u0117ti ir nery\u0161k\u016bs peiliukai, tik dekoratyviniams tikslams<\/p>\n","protected":false},"excerpt":{"rendered":"<p>Dekoratyvin\u0117s fantazijos durklai (047CU) Dekoratyvin\u0117s fantazijos durklai I\u0161skyr\u0117 Legolaso Elven Daggers i\u0161 \u017died\u0173 valdovo Plieninis a\u0161menys Plastikin\u0117 pakaba su metalin\u0117mis<\/p>\n","protected":false},"featured_media":138823,"template":"","meta":{"_acf_changed":false},"product_brand":[],"product_cat":[1312,1247],"product_tag":[],"class_list":{"0":"post-140425","1":"product","2":"type-product","3":"status-publish","4":"has-post-thumbnail","6":"product_cat-kardai","7":"product_cat-kita","9":"first","10":"instock","11":"purchasable","12":"product-type-simple"},"acf":[],"_links":{"self":[{"href":"https:\/\/kingarms.ee\/lt\/wp-json\/wp\/v2\/product\/140425","targetHints":{"allow":["GET"]}}],"collection":[{"href":"https:\/\/kingarms.ee\/lt\/wp-json\/wp\/v2\/product"}],"about":[{"href":"https:\/\/kingarms.ee\/lt\/wp-json\/wp\/v2\/types\/product"}],"wp:featuredmedia":[{"embeddable":true,"href":"https:\/\/kingarms.ee\/lt\/wp-json\/wp\/v2\/media\/138823"}],"wp:attachment":[{"href":"https:\/\/kingarms.ee\/lt\/wp-json\/wp\/v2\/media?parent=140425"}],"wp:term":[{"taxonomy":"product_brand","embeddable":true,"href":"https:\/\/kingarms.ee\/lt\/wp-json\/wp\/v2\/product_brand?post=140425"},{"taxonomy":"product_cat","embeddable":true,"href":"https:\/\/kingarms.ee\/lt\/wp-json\/wp\/v2\/product_cat?post=140425"},{"taxonomy":"product_tag","embeddable":true,"href":"https:\/\/kingarms.ee\/lt\/wp-json\/wp\/v2\/product_tag?post=140425"}],"curies":[{"name":"wp","href":"https:\/\/api.w.org\/{rel}","templated":true}]}}