{"id":140443,"date":"2024-12-06T16:40:00","date_gmt":"2024-12-06T16:44:22","guid":{"rendered":"https:\/\/kingarms.ee\/product\/dekoratyvinis-kirvis-by149-c\/"},"modified":"2024-12-06T19:44:22","modified_gmt":"2024-12-06T16:44:22","slug":"dekoratyvinis-asis-by149-c","status":"publish","type":"product","link":"https:\/\/kingarms.ee\/lt\/product\/dekoratyvinis-asis-by149-c\/","title":{"rendered":"Dekoratyvinis kirvis (BY149-C)"},"content":{"rendered":"<p>Dekoratyvinis kirvis (BY149-C)<\/p>\n<p>Dekoratyvinis kirvis<br \/>\n\u012ekv\u0117ptas Ragnaro Lothbroko kirvio<br \/>\nViking\u0173 serija<br \/>\nPlieninis a\u0161menys<br \/>\nMedin\u0117 rankena<br \/>\nPridedamas medinis sienos stovas<br \/>\nRankenos ilgis 625 mm<br \/>\nA\u0161men\u0173 ilgis 150 mm<br \/>\nSvoris 800 g<\/p>\n<p>Nery\u0161kus ir nepamir\u0161tas a\u0161menys, tik dekoratyviniams tikslams<\/p>\n","protected":false},"excerpt":{"rendered":"<p>Dekoratyvinis kirvis (BY149-C) Dekoratyvinis kirvis \u012ekv\u0117ptas Ragnaro Lothbroko kirvio Viking\u0173 serija Plieninis a\u0161menys Medin\u0117 rankena Pridedamas medinis sienos stovas Rankenos<\/p>\n","protected":false},"featured_media":138949,"template":"","meta":{"_acf_changed":false},"product_brand":[],"product_cat":[1312,1247],"product_tag":[],"class_list":{"0":"post-140443","1":"product","2":"type-product","3":"status-publish","4":"has-post-thumbnail","6":"product_cat-kardai","7":"product_cat-kita","9":"first","10":"instock","11":"purchasable","12":"product-type-simple"},"acf":[],"_links":{"self":[{"href":"https:\/\/kingarms.ee\/lt\/wp-json\/wp\/v2\/product\/140443","targetHints":{"allow":["GET"]}}],"collection":[{"href":"https:\/\/kingarms.ee\/lt\/wp-json\/wp\/v2\/product"}],"about":[{"href":"https:\/\/kingarms.ee\/lt\/wp-json\/wp\/v2\/types\/product"}],"wp:featuredmedia":[{"embeddable":true,"href":"https:\/\/kingarms.ee\/lt\/wp-json\/wp\/v2\/media\/138949"}],"wp:attachment":[{"href":"https:\/\/kingarms.ee\/lt\/wp-json\/wp\/v2\/media?parent=140443"}],"wp:term":[{"taxonomy":"product_brand","embeddable":true,"href":"https:\/\/kingarms.ee\/lt\/wp-json\/wp\/v2\/product_brand?post=140443"},{"taxonomy":"product_cat","embeddable":true,"href":"https:\/\/kingarms.ee\/lt\/wp-json\/wp\/v2\/product_cat?post=140443"},{"taxonomy":"product_tag","embeddable":true,"href":"https:\/\/kingarms.ee\/lt\/wp-json\/wp\/v2\/product_tag?post=140443"}],"curies":[{"name":"wp","href":"https:\/\/api.w.org\/{rel}","templated":true}]}}