{"id":140451,"date":"2024-12-06T16:39:41","date_gmt":"2024-12-06T17:20:53","guid":{"rendered":"https:\/\/kingarms.ee\/product\/dekoratyvinis-kardas-zs552-5\/"},"modified":"2024-12-06T20:20:53","modified_gmt":"2024-12-06T17:20:53","slug":"dekoratyvinis-sword-zs552-5","status":"publish","type":"product","link":"https:\/\/kingarms.ee\/lt\/product\/dekoratyvinis-sword-zs552-5\/","title":{"rendered":"Dekoratyvinis kardas (ZS552-5)"},"content":{"rendered":"<p>Dekoratyvinis kardas (ZS552-5)<\/p>\n<p>Dekoratyvinis kardas<br \/>\n\u012ekv\u0117ptas Sabre Lily&#8217;s Black Excalibur Sword<br \/>\nLikimo serija<br \/>\nPlieninis a\u0161menys<br \/>\nMedinis \u0161a\u0161lykas<br \/>\nMetalin\u0117 apsauga ir rankena<br \/>\nA\u0161men\u0173 ilgis 775 mm<br \/>\nBendras ilgis 1050 mm (1150 mm su \u0161a\u0161lyku)<br \/>\nSvoris 1400 g (1900 g su \u0161a\u0161lyku)<\/p>\n<p>Nery\u0161kus ir nepamir\u0161tas a\u0161menys, tik dekoratyviniams tikslams<\/p>\n","protected":false},"excerpt":{"rendered":"<p>Dekoratyvinis kardas (ZS552-5) Dekoratyvinis kardas \u012ekv\u0117ptas Sabre Lily&#8217;s Black Excalibur Sword Likimo serija Plieninis a\u0161menys Medinis \u0161a\u0161lykas Metalin\u0117 apsauga ir<\/p>\n","protected":false},"featured_media":139411,"template":"","meta":{"_acf_changed":false},"product_brand":[],"product_cat":[1312,1247],"product_tag":[],"class_list":{"0":"post-140451","1":"product","2":"type-product","3":"status-publish","4":"has-post-thumbnail","6":"product_cat-kardai","7":"product_cat-kita","9":"first","10":"instock","11":"purchasable","12":"product-type-simple"},"acf":[],"_links":{"self":[{"href":"https:\/\/kingarms.ee\/lt\/wp-json\/wp\/v2\/product\/140451","targetHints":{"allow":["GET"]}}],"collection":[{"href":"https:\/\/kingarms.ee\/lt\/wp-json\/wp\/v2\/product"}],"about":[{"href":"https:\/\/kingarms.ee\/lt\/wp-json\/wp\/v2\/types\/product"}],"wp:featuredmedia":[{"embeddable":true,"href":"https:\/\/kingarms.ee\/lt\/wp-json\/wp\/v2\/media\/139411"}],"wp:attachment":[{"href":"https:\/\/kingarms.ee\/lt\/wp-json\/wp\/v2\/media?parent=140451"}],"wp:term":[{"taxonomy":"product_brand","embeddable":true,"href":"https:\/\/kingarms.ee\/lt\/wp-json\/wp\/v2\/product_brand?post=140451"},{"taxonomy":"product_cat","embeddable":true,"href":"https:\/\/kingarms.ee\/lt\/wp-json\/wp\/v2\/product_cat?post=140451"},{"taxonomy":"product_tag","embeddable":true,"href":"https:\/\/kingarms.ee\/lt\/wp-json\/wp\/v2\/product_tag?post=140451"}],"curies":[{"name":"wp","href":"https:\/\/api.w.org\/{rel}","templated":true}]}}