{"id":140470,"date":"2024-12-06T16:39:41","date_gmt":"2024-12-07T10:05:37","guid":{"rendered":"https:\/\/kingarms.ee\/product\/dekoratyvinis-durklas-zs127\/"},"modified":"2024-12-07T13:05:37","modified_gmt":"2024-12-07T10:05:37","slug":"dekoratyvinis-daggeris-zs127","status":"publish","type":"product","link":"https:\/\/kingarms.ee\/lt\/product\/dekoratyvinis-daggeris-zs127\/","title":{"rendered":"Dekoratyvinis durklas (ZS127)"},"content":{"rendered":"<p>Dekoratyvinis durklas (ZS127)<\/p>\n<p>Dekoratyvinis durklas<br \/>\nI\u0161sak\u0117 Nazgulo durklas<br \/>\n\u201e\u017died\u0173 valdovo\u201c serija<br \/>\nPlieninis a\u0161menys<br \/>\nGuma dengta metalin\u0117 rankena<br \/>\nMetalin\u0117 apsauga ir ranken\u0117l\u0117<br \/>\nPridedamas medinis sienos stovas<br \/>\nA\u0161men\u0173 ilgis 425 mm<br \/>\nBendras 625 mm ilgis<br \/>\nSvoris 585 g<\/p>\n<p>Ne a\u0161triau ir nery\u0161kus a\u0161menis<\/p>\n","protected":false},"excerpt":{"rendered":"<p>Dekoratyvinis durklas (ZS127) Dekoratyvinis durklas I\u0161sak\u0117 Nazgulo durklas \u201e\u017died\u0173 valdovo\u201c serija Plieninis a\u0161menys Guma dengta metalin\u0117 rankena Metalin\u0117 apsauga ir<\/p>\n","protected":false},"featured_media":139195,"template":"","meta":{"_acf_changed":false},"product_brand":[],"product_cat":[1312,1247],"product_tag":[],"class_list":{"0":"post-140470","1":"product","2":"type-product","3":"status-publish","4":"has-post-thumbnail","6":"product_cat-kardai","7":"product_cat-kita","9":"first","10":"instock","11":"purchasable","12":"product-type-simple"},"acf":[],"_links":{"self":[{"href":"https:\/\/kingarms.ee\/lt\/wp-json\/wp\/v2\/product\/140470","targetHints":{"allow":["GET"]}}],"collection":[{"href":"https:\/\/kingarms.ee\/lt\/wp-json\/wp\/v2\/product"}],"about":[{"href":"https:\/\/kingarms.ee\/lt\/wp-json\/wp\/v2\/types\/product"}],"wp:featuredmedia":[{"embeddable":true,"href":"https:\/\/kingarms.ee\/lt\/wp-json\/wp\/v2\/media\/139195"}],"wp:attachment":[{"href":"https:\/\/kingarms.ee\/lt\/wp-json\/wp\/v2\/media?parent=140470"}],"wp:term":[{"taxonomy":"product_brand","embeddable":true,"href":"https:\/\/kingarms.ee\/lt\/wp-json\/wp\/v2\/product_brand?post=140470"},{"taxonomy":"product_cat","embeddable":true,"href":"https:\/\/kingarms.ee\/lt\/wp-json\/wp\/v2\/product_cat?post=140470"},{"taxonomy":"product_tag","embeddable":true,"href":"https:\/\/kingarms.ee\/lt\/wp-json\/wp\/v2\/product_tag?post=140470"}],"curies":[{"name":"wp","href":"https:\/\/api.w.org\/{rel}","templated":true}]}}