{"id":140488,"date":"2024-12-06T16:39:41","date_gmt":"2024-12-07T10:09:45","guid":{"rendered":"https:\/\/kingarms.ee\/product\/dekoratyvines-fantazijos-durklai-zs274\/"},"modified":"2024-12-07T13:09:45","modified_gmt":"2024-12-07T10:09:45","slug":"dekoratyvinis-fantazijos-daggers-zs274","status":"publish","type":"product","link":"https:\/\/kingarms.ee\/lt\/product\/dekoratyvinis-fantazijos-daggers-zs274\/","title":{"rendered":"Dekoratyvin\u0117s fantazijos durklai (ZS274)"},"content":{"rendered":"<p>Dekoratyvin\u0117s fantazijos durklai (ZS274)<\/p>\n<p>Dekoratyvin\u0117s fantazijos durklai<br \/>\nI\u0161sak\u0117 Taurielio durklai<br \/>\nHobit\u0173 serija<br \/>\nPlieninis a\u0161menys<br \/>\nMetalin\u0117 ir plastikin\u0117 rankena<br \/>\nPridedamas medinis sienos stovas<br \/>\nA\u0161men\u0173 ilgis 330 mm<br \/>\nBendras ilgis 490 mm<br \/>\nVieno durklo svoris 325 g<\/p>\n<p>Ne a\u0161tr\u0117ti ir nery\u0161k\u016bs peiliukai, tik dekoratyviniams tikslams<\/p>\n","protected":false},"excerpt":{"rendered":"<p>Dekoratyvin\u0117s fantazijos durklai (ZS274) Dekoratyvin\u0117s fantazijos durklai I\u0161sak\u0117 Taurielio durklai Hobit\u0173 serija Plieninis a\u0161menys Metalin\u0117 ir plastikin\u0117 rankena Pridedamas medinis<\/p>\n","protected":false},"featured_media":139375,"template":"","meta":{"_acf_changed":false},"product_brand":[],"product_cat":[1312,1247],"product_tag":[],"class_list":{"0":"post-140488","1":"product","2":"type-product","3":"status-publish","4":"has-post-thumbnail","6":"product_cat-kardai","7":"product_cat-kita","9":"first","10":"instock","11":"purchasable","12":"product-type-simple"},"acf":[],"_links":{"self":[{"href":"https:\/\/kingarms.ee\/lt\/wp-json\/wp\/v2\/product\/140488","targetHints":{"allow":["GET"]}}],"collection":[{"href":"https:\/\/kingarms.ee\/lt\/wp-json\/wp\/v2\/product"}],"about":[{"href":"https:\/\/kingarms.ee\/lt\/wp-json\/wp\/v2\/types\/product"}],"wp:featuredmedia":[{"embeddable":true,"href":"https:\/\/kingarms.ee\/lt\/wp-json\/wp\/v2\/media\/139375"}],"wp:attachment":[{"href":"https:\/\/kingarms.ee\/lt\/wp-json\/wp\/v2\/media?parent=140488"}],"wp:term":[{"taxonomy":"product_brand","embeddable":true,"href":"https:\/\/kingarms.ee\/lt\/wp-json\/wp\/v2\/product_brand?post=140488"},{"taxonomy":"product_cat","embeddable":true,"href":"https:\/\/kingarms.ee\/lt\/wp-json\/wp\/v2\/product_cat?post=140488"},{"taxonomy":"product_tag","embeddable":true,"href":"https:\/\/kingarms.ee\/lt\/wp-json\/wp\/v2\/product_tag?post=140488"}],"curies":[{"name":"wp","href":"https:\/\/api.w.org\/{rel}","templated":true}]}}