{"id":140507,"date":"2024-12-06T16:39:41","date_gmt":"2024-12-07T10:17:08","guid":{"rendered":"https:\/\/kingarms.ee\/product\/dekoratyvinis-pjautuvas-zs1022\/"},"modified":"2024-12-07T13:17:08","modified_gmt":"2024-12-07T10:17:08","slug":"ornamentinis-sickle-zs1022","status":"publish","type":"product","link":"https:\/\/kingarms.ee\/lt\/product\/ornamentinis-sickle-zs1022\/","title":{"rendered":"Dekoratyvinis pjautuvas (ZS1022)"},"content":{"rendered":"<p>Dekoratyvinis pjautuvas (ZS1022)<\/p>\n<p>Dekoratyvinis pjautuvas<br \/>\n\u012ekv\u0117ptas pusm\u0117nulio Rose, Ruby Rose ginklas<br \/>\nRWBY serija<br \/>\nMedin\u0117 konstrukcija<br \/>\nIlgis 1300 mm<br \/>\nSvoris 2015G<\/p>\n<p>Nery\u0161kus ir nepamir\u0161tas, tik dekoratyviniais tikslais<\/p>\n","protected":false},"excerpt":{"rendered":"<p>Dekoratyvinis pjautuvas (ZS1022) Dekoratyvinis pjautuvas \u012ekv\u0117ptas pusm\u0117nulio Rose, Ruby Rose ginklas RWBY serija Medin\u0117 konstrukcija Ilgis 1300 mm Svoris 2015G<\/p>\n","protected":false},"featured_media":139735,"template":"","meta":{"_acf_changed":false},"product_brand":[],"product_cat":[1312,1247],"product_tag":[],"class_list":{"0":"post-140507","1":"product","2":"type-product","3":"status-publish","4":"has-post-thumbnail","6":"product_cat-kardai","7":"product_cat-kita","9":"first","10":"instock","11":"purchasable","12":"product-type-simple"},"acf":[],"_links":{"self":[{"href":"https:\/\/kingarms.ee\/lt\/wp-json\/wp\/v2\/product\/140507","targetHints":{"allow":["GET"]}}],"collection":[{"href":"https:\/\/kingarms.ee\/lt\/wp-json\/wp\/v2\/product"}],"about":[{"href":"https:\/\/kingarms.ee\/lt\/wp-json\/wp\/v2\/types\/product"}],"wp:featuredmedia":[{"embeddable":true,"href":"https:\/\/kingarms.ee\/lt\/wp-json\/wp\/v2\/media\/139735"}],"wp:attachment":[{"href":"https:\/\/kingarms.ee\/lt\/wp-json\/wp\/v2\/media?parent=140507"}],"wp:term":[{"taxonomy":"product_brand","embeddable":true,"href":"https:\/\/kingarms.ee\/lt\/wp-json\/wp\/v2\/product_brand?post=140507"},{"taxonomy":"product_cat","embeddable":true,"href":"https:\/\/kingarms.ee\/lt\/wp-json\/wp\/v2\/product_cat?post=140507"},{"taxonomy":"product_tag","embeddable":true,"href":"https:\/\/kingarms.ee\/lt\/wp-json\/wp\/v2\/product_tag?post=140507"}],"curies":[{"name":"wp","href":"https:\/\/api.w.org\/{rel}","templated":true}]}}