{"id":140513,"date":"2024-12-06T16:39:41","date_gmt":"2024-12-07T10:17:10","guid":{"rendered":"https:\/\/kingarms.ee\/product\/dekoratyviniai-kardai-zs065\/"},"modified":"2024-12-07T13:17:10","modified_gmt":"2024-12-07T10:17:10","slug":"ornamental-swords-zs065","status":"publish","type":"product","link":"https:\/\/kingarms.ee\/lt\/product\/ornamental-swords-zs065\/","title":{"rendered":"Dekoratyviniai kardai (ZS065)"},"content":{"rendered":"<p>Dekoratyviniai kardai (ZS065)<\/p>\n<p>Dekoratyviniai kardai<br \/>\n\u012ekv\u0117p\u0117 Archerio Yin Yang Swords<br \/>\nLikimo serija<br \/>\nPlieniniai a\u0161menys<br \/>\nMedin\u0117 rankena<br \/>\nMetalin\u0117 ranken\u0117l\u0117<br \/>\nOdos \u0161a\u0161lykai<br \/>\nVieno a\u0161men\u0173 ilgis 435 mm<br \/>\nVieno kardo bendras ilgis 640 mm (655 mm su \u0161a\u0161lyku)<br \/>\nVieno kardo svoris 1235G (1370G su Scabbard)<\/p>\n<p>Nery\u0161kus ir nepamdytas katana, tik dekoratyviniais tikslais<\/p>\n","protected":false},"excerpt":{"rendered":"<p>Dekoratyviniai kardai (ZS065) Dekoratyviniai kardai \u012ekv\u0117p\u0117 Archerio Yin Yang Swords Likimo serija Plieniniai a\u0161menys Medin\u0117 rankena Metalin\u0117 ranken\u0117l\u0117 Odos \u0161a\u0161lykai<\/p>\n","protected":false},"featured_media":139063,"template":"","meta":{"_acf_changed":false},"product_brand":[],"product_cat":[1312,1247],"product_tag":[],"class_list":{"0":"post-140513","1":"product","2":"type-product","3":"status-publish","4":"has-post-thumbnail","6":"product_cat-kardai","7":"product_cat-kita","9":"first","10":"instock","11":"purchasable","12":"product-type-simple"},"acf":[],"_links":{"self":[{"href":"https:\/\/kingarms.ee\/lt\/wp-json\/wp\/v2\/product\/140513","targetHints":{"allow":["GET"]}}],"collection":[{"href":"https:\/\/kingarms.ee\/lt\/wp-json\/wp\/v2\/product"}],"about":[{"href":"https:\/\/kingarms.ee\/lt\/wp-json\/wp\/v2\/types\/product"}],"wp:featuredmedia":[{"embeddable":true,"href":"https:\/\/kingarms.ee\/lt\/wp-json\/wp\/v2\/media\/139063"}],"wp:attachment":[{"href":"https:\/\/kingarms.ee\/lt\/wp-json\/wp\/v2\/media?parent=140513"}],"wp:term":[{"taxonomy":"product_brand","embeddable":true,"href":"https:\/\/kingarms.ee\/lt\/wp-json\/wp\/v2\/product_brand?post=140513"},{"taxonomy":"product_cat","embeddable":true,"href":"https:\/\/kingarms.ee\/lt\/wp-json\/wp\/v2\/product_cat?post=140513"},{"taxonomy":"product_tag","embeddable":true,"href":"https:\/\/kingarms.ee\/lt\/wp-json\/wp\/v2\/product_tag?post=140513"}],"curies":[{"name":"wp","href":"https:\/\/api.w.org\/{rel}","templated":true}]}}