{"id":140527,"date":"2024-12-06T16:39:41","date_gmt":"2024-12-07T10:17:12","guid":{"rendered":"https:\/\/kingarms.ee\/product\/dekoratyvine-ietis-zs070\/"},"modified":"2024-12-07T13:17:12","modified_gmt":"2024-12-07T10:17:12","slug":"dekoratyvinis-spear-zs070","status":"publish","type":"product","link":"https:\/\/kingarms.ee\/lt\/product\/dekoratyvinis-spear-zs070\/","title":{"rendered":"Dekoratyvin\u0117 ietis (ZS070)"},"content":{"rendered":"<p>Dekoratyvin\u0117 ietis (ZS070)<\/p>\n<p>Dekoratyvin\u0117 ietis<br \/>\n\u012ekv\u0117ptas Longinus ieties<br \/>\nEvangeliono serija<br \/>\nPlieno konstrukcija<br \/>\nIlgis 2105 mm<br \/>\nSvoris 3990G<\/p>\n<p>Nery\u0161kus ir nepamir\u0161tas, tik dekoratyviniais tikslais<\/p>\n","protected":false},"excerpt":{"rendered":"<p>Dekoratyvin\u0117 ietis (ZS070) Dekoratyvin\u0117 ietis \u012ekv\u0117ptas Longinus ieties Evangeliono serija Plieno konstrukcija Ilgis 2105 mm Svoris 3990G Nery\u0161kus ir nepamir\u0161tas,<\/p>\n","protected":false},"featured_media":139075,"template":"","meta":{"_acf_changed":false},"product_brand":[],"product_cat":[1312,1247],"product_tag":[],"class_list":{"0":"post-140527","1":"product","2":"type-product","3":"status-publish","4":"has-post-thumbnail","6":"product_cat-kardai","7":"product_cat-kita","9":"first","10":"instock","11":"purchasable","12":"product-type-simple"},"acf":[],"_links":{"self":[{"href":"https:\/\/kingarms.ee\/lt\/wp-json\/wp\/v2\/product\/140527","targetHints":{"allow":["GET"]}}],"collection":[{"href":"https:\/\/kingarms.ee\/lt\/wp-json\/wp\/v2\/product"}],"about":[{"href":"https:\/\/kingarms.ee\/lt\/wp-json\/wp\/v2\/types\/product"}],"wp:featuredmedia":[{"embeddable":true,"href":"https:\/\/kingarms.ee\/lt\/wp-json\/wp\/v2\/media\/139075"}],"wp:attachment":[{"href":"https:\/\/kingarms.ee\/lt\/wp-json\/wp\/v2\/media?parent=140527"}],"wp:term":[{"taxonomy":"product_brand","embeddable":true,"href":"https:\/\/kingarms.ee\/lt\/wp-json\/wp\/v2\/product_brand?post=140527"},{"taxonomy":"product_cat","embeddable":true,"href":"https:\/\/kingarms.ee\/lt\/wp-json\/wp\/v2\/product_cat?post=140527"},{"taxonomy":"product_tag","embeddable":true,"href":"https:\/\/kingarms.ee\/lt\/wp-json\/wp\/v2\/product_tag?post=140527"}],"curies":[{"name":"wp","href":"https:\/\/api.w.org\/{rel}","templated":true}]}}