{"id":140534,"date":"2024-12-06T16:39:41","date_gmt":"2024-12-07T10:21:09","guid":{"rendered":"https:\/\/kingarms.ee\/product\/dekoratyvinis-kardas-zs705-2\/"},"modified":"2024-12-07T13:21:09","modified_gmt":"2024-12-07T10:21:09","slug":"dekoratyvinis-sword-zs705-2","status":"publish","type":"product","link":"https:\/\/kingarms.ee\/lt\/product\/dekoratyvinis-sword-zs705-2\/","title":{"rendered":"Dekoratyvinis kardas (ZS705-2)"},"content":{"rendered":"<p>Dekoratyvinis kardas (ZS705-2)<\/p>\n<p>Dekoratyvinis kardas<br \/>\n\u012ekv\u0117ptas Toji Fushiguro kardo<br \/>\n\u201eJujutsu Kaisen\u201c serija<br \/>\nPlieninis a\u0161menys<br \/>\nMetalin\u0117 apsauga ir ranken\u0117l\u0117<br \/>\nMedinis sukibimas<br \/>\nOdinis \u0161ukas<br \/>\nA\u0161men\u0173 ilgis 310 mm<br \/>\nBendras 560 mm ilgis (575 mm su \u0161a\u0161lyku)<br \/>\nSvoris 870 g (975 g su Scabbard)<\/p>\n<p>Ne a\u0161triau ir nery\u0161kus a\u0161menis<\/p>\n","protected":false},"excerpt":{"rendered":"<p>Dekoratyvinis kardas (ZS705-2) Dekoratyvinis kardas \u012ekv\u0117ptas Toji Fushiguro kardo \u201eJujutsu Kaisen\u201c serija Plieninis a\u0161menys Metalin\u0117 apsauga ir ranken\u0117l\u0117 Medinis sukibimas<\/p>\n","protected":false},"featured_media":139699,"template":"","meta":{"_acf_changed":false},"product_brand":[],"product_cat":[1312,1247],"product_tag":[],"class_list":{"0":"post-140534","1":"product","2":"type-product","3":"status-publish","4":"has-post-thumbnail","6":"product_cat-kardai","7":"product_cat-kita","9":"first","10":"instock","11":"purchasable","12":"product-type-simple"},"acf":[],"_links":{"self":[{"href":"https:\/\/kingarms.ee\/lt\/wp-json\/wp\/v2\/product\/140534","targetHints":{"allow":["GET"]}}],"collection":[{"href":"https:\/\/kingarms.ee\/lt\/wp-json\/wp\/v2\/product"}],"about":[{"href":"https:\/\/kingarms.ee\/lt\/wp-json\/wp\/v2\/types\/product"}],"wp:featuredmedia":[{"embeddable":true,"href":"https:\/\/kingarms.ee\/lt\/wp-json\/wp\/v2\/media\/139699"}],"wp:attachment":[{"href":"https:\/\/kingarms.ee\/lt\/wp-json\/wp\/v2\/media?parent=140534"}],"wp:term":[{"taxonomy":"product_brand","embeddable":true,"href":"https:\/\/kingarms.ee\/lt\/wp-json\/wp\/v2\/product_brand?post=140534"},{"taxonomy":"product_cat","embeddable":true,"href":"https:\/\/kingarms.ee\/lt\/wp-json\/wp\/v2\/product_cat?post=140534"},{"taxonomy":"product_tag","embeddable":true,"href":"https:\/\/kingarms.ee\/lt\/wp-json\/wp\/v2\/product_tag?post=140534"}],"curies":[{"name":"wp","href":"https:\/\/api.w.org\/{rel}","templated":true}]}}