{"id":140550,"date":"2024-12-06T16:39:41","date_gmt":"2024-12-07T10:28:10","guid":{"rendered":"https:\/\/kingarms.ee\/product\/dekoratyvinis-kardas-zs591\/"},"modified":"2024-12-07T13:28:10","modified_gmt":"2024-12-07T10:28:10","slug":"dekoratyvinis-sword-zs591","status":"publish","type":"product","link":"https:\/\/kingarms.ee\/lt\/product\/dekoratyvinis-sword-zs591\/","title":{"rendered":"Dekoratyvinis kardas (ZS591)"},"content":{"rendered":"<p>Dekoratyvinis kardas (ZS591)<\/p>\n<p>Dekoratyvinis kardas<br \/>\n\u012ekv\u0117ptas \u0160ventojo Kirito kardo \u201eExcalibur\u201c<br \/>\n\u201eSword Art Online\u201c serija<br \/>\nPlieninis a\u0161menys<br \/>\nMetalin\u0117 rankena<br \/>\nA\u0161men\u0173 ilgis 760 mm<br \/>\nBendras ilgis 1085 mm (1110 mm su \u0161a\u0161lyku)<br \/>\nSvoris 2010G (2180G su Scabbard)<\/p>\n<p>Nery\u0161kus ir nepamir\u0161tas a\u0161menys, tik dekoratyviniams tikslams<\/p>\n","protected":false},"excerpt":{"rendered":"<p>Dekoratyvinis kardas (ZS591) Dekoratyvinis kardas \u012ekv\u0117ptas \u0160ventojo Kirito kardo \u201eExcalibur\u201c \u201eSword Art Online\u201c serija Plieninis a\u0161menys Metalin\u0117 rankena A\u0161men\u0173 ilgis<\/p>\n","protected":false},"featured_media":139471,"template":"","meta":{"_acf_changed":false},"product_brand":[],"product_cat":[1312,1247],"product_tag":[],"class_list":{"0":"post-140550","1":"product","2":"type-product","3":"status-publish","4":"has-post-thumbnail","6":"product_cat-kardai","7":"product_cat-kita","9":"first","10":"instock","11":"purchasable","12":"product-type-simple"},"acf":[],"_links":{"self":[{"href":"https:\/\/kingarms.ee\/lt\/wp-json\/wp\/v2\/product\/140550","targetHints":{"allow":["GET"]}}],"collection":[{"href":"https:\/\/kingarms.ee\/lt\/wp-json\/wp\/v2\/product"}],"about":[{"href":"https:\/\/kingarms.ee\/lt\/wp-json\/wp\/v2\/types\/product"}],"wp:featuredmedia":[{"embeddable":true,"href":"https:\/\/kingarms.ee\/lt\/wp-json\/wp\/v2\/media\/139471"}],"wp:attachment":[{"href":"https:\/\/kingarms.ee\/lt\/wp-json\/wp\/v2\/media?parent=140550"}],"wp:term":[{"taxonomy":"product_brand","embeddable":true,"href":"https:\/\/kingarms.ee\/lt\/wp-json\/wp\/v2\/product_brand?post=140550"},{"taxonomy":"product_cat","embeddable":true,"href":"https:\/\/kingarms.ee\/lt\/wp-json\/wp\/v2\/product_cat?post=140550"},{"taxonomy":"product_tag","embeddable":true,"href":"https:\/\/kingarms.ee\/lt\/wp-json\/wp\/v2\/product_tag?post=140550"}],"curies":[{"name":"wp","href":"https:\/\/api.w.org\/{rel}","templated":true}]}}