{"id":140565,"date":"2024-12-06T16:39:23","date_gmt":"2024-12-07T10:28:19","guid":{"rendered":"https:\/\/kingarms.ee\/product\/dekoratyvinis-kardas-zs121\/"},"modified":"2024-12-07T13:35:12","modified_gmt":"2024-12-07T10:35:12","slug":"dekoratyvinis-sword-zs121","status":"publish","type":"product","link":"https:\/\/kingarms.ee\/lt\/product\/dekoratyvinis-sword-zs121\/","title":{"rendered":"Dekoratyvinis kardas (ZS121)"},"content":{"rendered":"<p>Dekoratyvinis kardas (ZS121)<\/p>\n<p>Dekoratyvinis kardas<br \/>\n\u012ekv\u0117ptas Thorino Oakenshieldo kardo<br \/>\nHobit\u0173 serija<br \/>\nPlieninis a\u0161menys<br \/>\nMedin\u0117 rankena<br \/>\nPridedamas medinis sienos stovas<br \/>\nA\u0161men\u0173 ilgis 700 mm<br \/>\nBendras ilgis 935 mm<br \/>\nSvoris 1875G<\/p>\n<p>Ne a\u0161triau ir nery\u0161kus a\u0161menis<\/p>\n","protected":false},"excerpt":{"rendered":"<p>Dekoratyvinis kardas (ZS121) Dekoratyvinis kardas \u012ekv\u0117ptas Thorino Oakenshieldo kardo Hobit\u0173 serija Plieninis a\u0161menys Medin\u0117 rankena Pridedamas medinis sienos stovas A\u0161men\u0173<\/p>\n","protected":false},"featured_media":139183,"template":"","meta":{"_acf_changed":false},"product_brand":[],"product_cat":[1312,1247],"product_tag":[],"class_list":{"0":"post-140565","1":"product","2":"type-product","3":"status-publish","4":"has-post-thumbnail","6":"product_cat-kardai","7":"product_cat-kita","9":"first","10":"instock","11":"purchasable","12":"product-type-simple"},"acf":[],"_links":{"self":[{"href":"https:\/\/kingarms.ee\/lt\/wp-json\/wp\/v2\/product\/140565","targetHints":{"allow":["GET"]}}],"collection":[{"href":"https:\/\/kingarms.ee\/lt\/wp-json\/wp\/v2\/product"}],"about":[{"href":"https:\/\/kingarms.ee\/lt\/wp-json\/wp\/v2\/types\/product"}],"wp:featuredmedia":[{"embeddable":true,"href":"https:\/\/kingarms.ee\/lt\/wp-json\/wp\/v2\/media\/139183"}],"wp:attachment":[{"href":"https:\/\/kingarms.ee\/lt\/wp-json\/wp\/v2\/media?parent=140565"}],"wp:term":[{"taxonomy":"product_brand","embeddable":true,"href":"https:\/\/kingarms.ee\/lt\/wp-json\/wp\/v2\/product_brand?post=140565"},{"taxonomy":"product_cat","embeddable":true,"href":"https:\/\/kingarms.ee\/lt\/wp-json\/wp\/v2\/product_cat?post=140565"},{"taxonomy":"product_tag","embeddable":true,"href":"https:\/\/kingarms.ee\/lt\/wp-json\/wp\/v2\/product_tag?post=140565"}],"curies":[{"name":"wp","href":"https:\/\/api.w.org\/{rel}","templated":true}]}}