{"id":140581,"date":"2024-12-06T16:39:23","date_gmt":"2024-12-07T10:53:16","guid":{"rendered":"https:\/\/kingarms.ee\/product\/dekoratyvus-kardas-zs9986\/"},"modified":"2024-12-07T13:53:16","modified_gmt":"2024-12-07T10:53:16","slug":"dekoratyvinis-sword-zs9986","status":"publish","type":"product","link":"https:\/\/kingarms.ee\/lt\/product\/dekoratyvinis-sword-zs9986\/","title":{"rendered":"Dekoratyvus kardas (ZS9986)"},"content":{"rendered":"<p>Dekoratyvus kardas (ZS9986)<\/p>\n<p>Dekoratyvinis kardas<br \/>\n\u012ekv\u0117ptas Alucardo paveld\u0117tojo kardo<br \/>\n\u201eCastlevania\u201c serija<br \/>\nPlieninis a\u0161menys<br \/>\nPlastikin\u0117 rankena<br \/>\nMetalin\u0117 apsauga ir ranken\u0117l\u0117<br \/>\nMedinis \u0161ukas su metalo apdailai<br \/>\nA\u0161men\u0173 ilgis 740 mm<br \/>\nBendras ilgis 970 mm (1040 mm su \u0161a\u0161lyku)<br \/>\nSvoris 690 g (900 g su \u0161a\u0161lyku)<\/p>\n<p>Ne a\u0161triau ir nery\u0161kus a\u0161menis<\/p>\n","protected":false},"excerpt":{"rendered":"<p>Dekoratyvus kardas (ZS9986) Dekoratyvinis kardas \u012ekv\u0117ptas Alucardo paveld\u0117tojo kardo \u201eCastlevania\u201c serija Plieninis a\u0161menys Plastikin\u0117 rankena Metalin\u0117 apsauga ir ranken\u0117l\u0117 Medinis<\/p>\n","protected":false},"featured_media":140083,"template":"","meta":{"_acf_changed":false},"product_brand":[],"product_cat":[1312,1247],"product_tag":[],"class_list":{"0":"post-140581","1":"product","2":"type-product","3":"status-publish","4":"has-post-thumbnail","6":"product_cat-kardai","7":"product_cat-kita","9":"first","10":"instock","11":"purchasable","12":"product-type-simple"},"acf":[],"_links":{"self":[{"href":"https:\/\/kingarms.ee\/lt\/wp-json\/wp\/v2\/product\/140581","targetHints":{"allow":["GET"]}}],"collection":[{"href":"https:\/\/kingarms.ee\/lt\/wp-json\/wp\/v2\/product"}],"about":[{"href":"https:\/\/kingarms.ee\/lt\/wp-json\/wp\/v2\/types\/product"}],"wp:featuredmedia":[{"embeddable":true,"href":"https:\/\/kingarms.ee\/lt\/wp-json\/wp\/v2\/media\/140083"}],"wp:attachment":[{"href":"https:\/\/kingarms.ee\/lt\/wp-json\/wp\/v2\/media?parent=140581"}],"wp:term":[{"taxonomy":"product_brand","embeddable":true,"href":"https:\/\/kingarms.ee\/lt\/wp-json\/wp\/v2\/product_brand?post=140581"},{"taxonomy":"product_cat","embeddable":true,"href":"https:\/\/kingarms.ee\/lt\/wp-json\/wp\/v2\/product_cat?post=140581"},{"taxonomy":"product_tag","embeddable":true,"href":"https:\/\/kingarms.ee\/lt\/wp-json\/wp\/v2\/product_tag?post=140581"}],"curies":[{"name":"wp","href":"https:\/\/api.w.org\/{rel}","templated":true}]}}