{"id":140583,"date":"2024-12-06T16:39:23","date_gmt":"2024-12-07T10:53:17","guid":{"rendered":"https:\/\/kingarms.ee\/product\/dekoratyvinis-durklas-zs171bg\/"},"modified":"2024-12-07T13:53:17","modified_gmt":"2024-12-07T10:53:17","slug":"dekoratyvinis-daggeris-zs171bg","status":"publish","type":"product","link":"https:\/\/kingarms.ee\/lt\/product\/dekoratyvinis-daggeris-zs171bg\/","title":{"rendered":"Dekoratyvinis durklas (ZS171BG)"},"content":{"rendered":"<p>Dekoratyvinis durklas (ZS171BG)<\/p>\n<p>Dekoratyvinis durklas<br \/>\n\u012ekv\u0117ptas Pungolo, Frodo durklas<br \/>\nSerijos \u201e\u017died\u0173 valdovas\u201c<br \/>\nPlieninis a\u0161menys<br \/>\nMetalin\u0117 rankena, apsauga ir ranken\u0117l\u0117<br \/>\nMedin\u0117 \u0161a\u0161lyko oda, padengta metaline apdaila<br \/>\nA\u0161men\u0173 ilgis 440 mm<br \/>\nBendras ilgis 580 mm (627 mm su \u0161a\u0161lyku)<br \/>\nSvoris 600 g (985 g su \u0161a\u0161lyku)<\/p>\n<p>Ne a\u0161triau ir nery\u0161kus a\u0161menis<\/p>\n","protected":false},"excerpt":{"rendered":"<p>Dekoratyvinis durklas (ZS171BG) Dekoratyvinis durklas \u012ekv\u0117ptas Pungolo, Frodo durklas Serijos \u201e\u017died\u0173 valdovas\u201c Plieninis a\u0161menys Metalin\u0117 rankena, apsauga ir ranken\u0117l\u0117 Medin\u0117<\/p>\n","protected":false},"featured_media":139291,"template":"","meta":{"_acf_changed":false},"product_brand":[],"product_cat":[1312,1247],"product_tag":[],"class_list":{"0":"post-140583","1":"product","2":"type-product","3":"status-publish","4":"has-post-thumbnail","6":"product_cat-kardai","7":"product_cat-kita","9":"first","10":"instock","11":"purchasable","12":"product-type-simple"},"acf":[],"_links":{"self":[{"href":"https:\/\/kingarms.ee\/lt\/wp-json\/wp\/v2\/product\/140583","targetHints":{"allow":["GET"]}}],"collection":[{"href":"https:\/\/kingarms.ee\/lt\/wp-json\/wp\/v2\/product"}],"about":[{"href":"https:\/\/kingarms.ee\/lt\/wp-json\/wp\/v2\/types\/product"}],"wp:featuredmedia":[{"embeddable":true,"href":"https:\/\/kingarms.ee\/lt\/wp-json\/wp\/v2\/media\/139291"}],"wp:attachment":[{"href":"https:\/\/kingarms.ee\/lt\/wp-json\/wp\/v2\/media?parent=140583"}],"wp:term":[{"taxonomy":"product_brand","embeddable":true,"href":"https:\/\/kingarms.ee\/lt\/wp-json\/wp\/v2\/product_brand?post=140583"},{"taxonomy":"product_cat","embeddable":true,"href":"https:\/\/kingarms.ee\/lt\/wp-json\/wp\/v2\/product_cat?post=140583"},{"taxonomy":"product_tag","embeddable":true,"href":"https:\/\/kingarms.ee\/lt\/wp-json\/wp\/v2\/product_tag?post=140583"}],"curies":[{"name":"wp","href":"https:\/\/api.w.org\/{rel}","templated":true}]}}